{"id":14577,"date":"2015-12-10T13:26:53","date_gmt":"2015-12-10T12:26:53","guid":{"rendered":"https:\/\/www.prelit.ch\/nos-atouts-votre-avantage\/"},"modified":"2025-01-06T07:51:15","modified_gmt":"2025-01-06T06:51:15","slug":"nos-atouts-votre-avantage","status":"publish","type":"page","link":"https:\/\/www.prelit.ch\/fr\/nos-atouts-votre-avantage\/","title":{"rendered":"Nos atouts \u2013 votre avantage"},"content":{"rendered":"\t\t<div data-elementor-type=\"wp-page\" data-elementor-id=\"14577\" class=\"elementor elementor-14577 elementor-12918\">\n\t\t\t\t\t\t<section class=\"elementor-section elementor-top-section elementor-element elementor-element-374e656 elementor-section-boxed elementor-section-height-default elementor-section-height-default\" data-id=\"374e656\" data-element_type=\"section\">\n\t\t\t\t\t\t<div class=\"elementor-container elementor-column-gap-default\">\n\t\t\t\t\t<div class=\"elementor-column elementor-col-50 elementor-top-column elementor-element elementor-element-97e882a top column-style-top\" data-id=\"97e882a\" data-element_type=\"column\">\n\t\t\t<div class=\"elementor-widget-wrap elementor-element-populated\">\n\t\t\t\t\t\t<div class=\"elementor-element elementor-element-2ff5e00 elementor-widget elementor-widget-image\" data-id=\"2ff5e00\" data-element_type=\"widget\" data-widget_type=\"image.default\">\n\t\t\t\t<div class=\"elementor-widget-container\">\n\t\t\t\t\t\t\t\t\t\t\t\t\t\t\t<img fetchpriority=\"high\" decoding=\"async\" width=\"600\" height=\"455\" src=\"https:\/\/www.prelit.ch\/wp-content\/uploads\/2022\/05\/top.jpg\" class=\"attachment-large size-large wp-image-16015\" alt=\"\" \/>\t\t\t\t\t\t\t\t\t\t\t\t\t\t\t<\/div>\n\t\t\t\t<\/div>\n\t\t\t\t\t<\/div>\n\t\t<\/div>\n\t\t\t\t<div class=\"elementor-column elementor-col-50 elementor-top-column elementor-element elementor-element-3c76ee0 top column-style-top\" data-id=\"3c76ee0\" data-element_type=\"column\">\n\t\t\t<div class=\"elementor-widget-wrap elementor-element-populated\">\n\t\t\t\t\t\t<div class=\"elementor-element elementor-element-7a6d0ee elementor-widget elementor-widget-heading\" data-id=\"7a6d0ee\" data-element_type=\"widget\" data-widget_type=\"heading.default\">\n\t\t\t\t<div class=\"elementor-widget-container\">\n\t\t\t\t\t<h2 class=\"elementor-heading-title elementor-size-default\">Enracin\u00e9 en Suisse\n<\/h2>\t\t\t\t<\/div>\n\t\t\t\t<\/div>\n\t\t\t\t<div class=\"elementor-element elementor-element-b9ee97f elementor-widget elementor-widget-text-editor\" data-id=\"b9ee97f\" data-element_type=\"widget\" data-widget_type=\"text-editor.default\">\n\t\t\t\t<div class=\"elementor-widget-container\">\n\t\t\t\t\t\t\t\t\t<p><span style=\"font-weight: 400;\">Notre propre d\u00e9veloppement de produits ainsi que notre propre production selon les normes de fabrication suisses nous permettent d&rsquo;offrir un maximum d&rsquo;avantages \u00e0 nos clients. <\/span><\/p><p><span style=\"font-weight: 400;\">En tant qu&rsquo;entreprise familiale suisse, nous attachons une grande importance au fait que la cha\u00eene de valeur se trouve en Suisse. <\/span><\/p>\t\t\t\t\t\t\t\t<\/div>\n\t\t\t\t<\/div>\n\t\t\t\t\t<\/div>\n\t\t<\/div>\n\t\t\t\t\t<\/div>\n\t\t<\/section>\n\t\t\t\t<section class=\"elementor-section elementor-top-section elementor-element elementor-element-b34fe7c elementor-hidden-mobile elementor-section-boxed elementor-section-height-default elementor-section-height-default\" data-id=\"b34fe7c\" data-element_type=\"section\">\n\t\t\t\t\t\t<div class=\"elementor-container elementor-column-gap-default\">\n\t\t\t\t\t<div class=\"elementor-column elementor-col-50 elementor-top-column elementor-element elementor-element-0b891f8 top column-style-top\" data-id=\"0b891f8\" data-element_type=\"column\">\n\t\t\t<div class=\"elementor-widget-wrap elementor-element-populated\">\n\t\t\t\t\t\t<div class=\"elementor-element elementor-element-8b1bee4 elementor-widget elementor-widget-heading\" data-id=\"8b1bee4\" data-element_type=\"widget\" data-widget_type=\"heading.default\">\n\t\t\t\t<div class=\"elementor-widget-container\">\n\t\t\t\t\t<h2 class=\"elementor-heading-title elementor-size-default\">Des solutions personnalis\u00e9es et flexibles\n<\/h2>\t\t\t\t<\/div>\n\t\t\t\t<\/div>\n\t\t\t\t<div class=\"elementor-element elementor-element-4fdef38 elementor-widget elementor-widget-text-editor\" data-id=\"4fdef38\" data-element_type=\"widget\" data-widget_type=\"text-editor.default\">\n\t\t\t\t<div class=\"elementor-widget-container\">\n\t\t\t\t\t\t\t\t\t\n          <p>\n            <span style=\"font-weight: 400;\">Depuis plus de 50 ans, nous comprenons les t\u00e2ches et les d\u00e9fis auxquels nos clients sont confront\u00e9s. Pour cela, nous trouvons des solutions innovantes, sur mesure et flexibles, que nous mettons en \u0153uvre dans les plus brefs d\u00e9lais. Gr\u00e2ce \u00e0 un dialogue constant avec nos clients et nos collaborateurs du service technique ext\u00e9rieur, nous disposons d&rsquo;un grand potentiel d&rsquo;exp\u00e9rience. Cela nous permet de r\u00e9soudre et de mettre en \u0153uvre rapidement m\u00eame des t\u00e2ches difficiles et complexes. <\/span>\n          <\/p>\n        \t\t\t\t\t\t\t\t<\/div>\n\t\t\t\t<\/div>\n\t\t\t\t\t<\/div>\n\t\t<\/div>\n\t\t\t\t<div class=\"elementor-column elementor-col-50 elementor-top-column elementor-element elementor-element-3db8010 top column-style-top\" data-id=\"3db8010\" data-element_type=\"column\">\n\t\t\t<div class=\"elementor-widget-wrap elementor-element-populated\">\n\t\t\t\t\t\t<div class=\"elementor-element elementor-element-88cbd29 elementor-widget elementor-widget-image\" data-id=\"88cbd29\" data-element_type=\"widget\" data-widget_type=\"image.default\">\n\t\t\t\t<div class=\"elementor-widget-container\">\n\t\t\t\t\t\t\t\t\t\t\t\t\t\t\t<img decoding=\"async\" width=\"600\" height=\"455\" src=\"https:\/\/www.prelit.ch\/wp-content\/uploads\/2024\/10\/shutterstock_197396678.jpg\" class=\"attachment-large size-large wp-image-25876\" alt=\"\" \/>\t\t\t\t\t\t\t\t\t\t\t\t\t\t\t<\/div>\n\t\t\t\t<\/div>\n\t\t\t\t\t<\/div>\n\t\t<\/div>\n\t\t\t\t\t<\/div>\n\t\t<\/section>\n\t\t\t\t<section class=\"elementor-section elementor-top-section elementor-element elementor-element-2f21de1 elementor-hidden-desktop elementor-hidden-tablet elementor-section-boxed elementor-section-height-default elementor-section-height-default\" data-id=\"2f21de1\" data-element_type=\"section\">\n\t\t\t\t\t\t<div class=\"elementor-container elementor-column-gap-default\">\n\t\t\t\t\t<div class=\"elementor-column elementor-col-50 elementor-top-column elementor-element elementor-element-9f71d1e top column-style-top\" data-id=\"9f71d1e\" data-element_type=\"column\">\n\t\t\t<div class=\"elementor-widget-wrap elementor-element-populated\">\n\t\t\t\t\t\t<div class=\"elementor-element elementor-element-9daafca elementor-widget elementor-widget-image\" data-id=\"9daafca\" data-element_type=\"widget\" data-widget_type=\"image.default\">\n\t\t\t\t<div class=\"elementor-widget-container\">\n\t\t\t\t\t\t\t\t\t\t\t\t\t\t\t<img decoding=\"async\" width=\"600\" height=\"455\" src=\"https:\/\/www.prelit.ch\/wp-content\/uploads\/2024\/10\/shutterstock_197396678.jpg\" class=\"attachment-large size-large wp-image-25876\" alt=\"\" \/>\t\t\t\t\t\t\t\t\t\t\t\t\t\t\t<\/div>\n\t\t\t\t<\/div>\n\t\t\t\t\t<\/div>\n\t\t<\/div>\n\t\t\t\t<div class=\"elementor-column elementor-col-50 elementor-top-column elementor-element elementor-element-e3c3674 top column-style-top\" data-id=\"e3c3674\" data-element_type=\"column\">\n\t\t\t<div class=\"elementor-widget-wrap elementor-element-populated\">\n\t\t\t\t\t\t<div class=\"elementor-element elementor-element-3c5c29e elementor-widget elementor-widget-heading\" data-id=\"3c5c29e\" data-element_type=\"widget\" data-widget_type=\"heading.default\">\n\t\t\t\t<div class=\"elementor-widget-container\">\n\t\t\t\t\t<h2 class=\"elementor-heading-title elementor-size-default\">Des solutions personnalis\u00e9es et flexibles\n<\/h2>\t\t\t\t<\/div>\n\t\t\t\t<\/div>\n\t\t\t\t<div class=\"elementor-element elementor-element-52d99d1 elementor-widget elementor-widget-text-editor\" data-id=\"52d99d1\" data-element_type=\"widget\" data-widget_type=\"text-editor.default\">\n\t\t\t\t<div class=\"elementor-widget-container\">\n\t\t\t\t\t\t\t\t\t\n          <p>\n            <span style=\"font-weight: 400;\">Depuis plus de 50 ans, nous comprenons les t\u00e2ches et les d\u00e9fis auxquels nos clients sont confront\u00e9s. Pour cela, nous trouvons des solutions innovantes, sur mesure et flexibles, que nous mettons en \u0153uvre dans les plus brefs d\u00e9lais. Gr\u00e2ce \u00e0 un dialogue constant avec nos clients et nos collaborateurs du service technique ext\u00e9rieur, nous disposons d&rsquo;un grand potentiel d&rsquo;exp\u00e9rience. Cela nous permet de r\u00e9soudre et de mettre en \u0153uvre rapidement m\u00eame des t\u00e2ches difficiles et complexes. <\/span>\n          <\/p>\n        \t\t\t\t\t\t\t\t<\/div>\n\t\t\t\t<\/div>\n\t\t\t\t\t<\/div>\n\t\t<\/div>\n\t\t\t\t\t<\/div>\n\t\t<\/section>\n\t\t\t\t<section class=\"elementor-section elementor-top-section elementor-element elementor-element-26edc27 elementor-section-boxed elementor-section-height-default elementor-section-height-default\" data-id=\"26edc27\" data-element_type=\"section\">\n\t\t\t\t\t\t<div class=\"elementor-container elementor-column-gap-default\">\n\t\t\t\t\t<div class=\"elementor-column elementor-col-50 elementor-top-column elementor-element elementor-element-ff6fda6 top column-style-top\" data-id=\"ff6fda6\" data-element_type=\"column\">\n\t\t\t<div class=\"elementor-widget-wrap elementor-element-populated\">\n\t\t\t\t\t\t<div class=\"elementor-element elementor-element-0f10c41 elementor-widget elementor-widget-image\" data-id=\"0f10c41\" data-element_type=\"widget\" data-widget_type=\"image.default\">\n\t\t\t\t<div class=\"elementor-widget-container\">\n\t\t\t\t\t\t\t\t\t\t\t\t\t\t\t<img decoding=\"async\" width=\"600\" height=\"455\" src=\"https:\/\/www.prelit.ch\/wp-content\/uploads\/2024\/10\/shutterstock_86360866.jpg\" class=\"attachment-large size-large wp-image-25893\" alt=\"\" \/>\t\t\t\t\t\t\t\t\t\t\t\t\t\t\t<\/div>\n\t\t\t\t<\/div>\n\t\t\t\t\t<\/div>\n\t\t<\/div>\n\t\t\t\t<div class=\"elementor-column elementor-col-50 elementor-top-column elementor-element elementor-element-127d3a0 top column-style-top\" data-id=\"127d3a0\" data-element_type=\"column\">\n\t\t\t<div class=\"elementor-widget-wrap elementor-element-populated\">\n\t\t\t\t\t\t<div class=\"elementor-element elementor-element-30c6160 elementor-widget elementor-widget-heading\" data-id=\"30c6160\" data-element_type=\"widget\" data-widget_type=\"heading.default\">\n\t\t\t\t<div class=\"elementor-widget-container\">\n\t\t\t\t\t<h2 class=\"elementor-heading-title elementor-size-default\">Pour l'environnement<\/h2>\t\t\t\t<\/div>\n\t\t\t\t<\/div>\n\t\t\t\t<div class=\"elementor-element elementor-element-fbd71db elementor-widget elementor-widget-text-editor\" data-id=\"fbd71db\" data-element_type=\"widget\" data-widget_type=\"text-editor.default\">\n\t\t\t\t<div class=\"elementor-widget-container\">\n\t\t\t\t\t\t\t\t\t\n          <p>Nous sommes responsables du monde de demain &#8211; avec la certification ISO 14001, nous nous concentrons sur l&rsquo;am\u00e9lioration continue de la gestion environnementale dans notre entreprise. Notre gestion environnementale est de haut niveau et nous veillons \u00e0 ce que nos produits soient fabriqu\u00e9s avec le moins de pollution environnementale possible et nous optimisons constamment nos processus.<\/p>\n        \t\t\t\t\t\t\t\t<\/div>\n\t\t\t\t<\/div>\n\t\t\t\t\t<\/div>\n\t\t<\/div>\n\t\t\t\t\t<\/div>\n\t\t<\/section>\n\t\t\t\t<\/div>\n\t\t","protected":false},"excerpt":{"rendered":"<p>Enracin\u00e9 en Suisse Notre propre d\u00e9veloppement de produits ainsi que notre propre production selon les normes de fabrication suisses nous permettent d&rsquo;offrir un maximum d&rsquo;avantages \u00e0 nos clients. En tant qu&rsquo;entreprise familiale suisse, nous attachons une grande importance au fait que la cha\u00eene de valeur se trouve en Suisse. Des solutions personnalis\u00e9es et flexibles Depuis [&hellip;]<\/p>\n","protected":false},"author":1,"featured_media":0,"parent":0,"menu_order":0,"comment_status":"closed","ping_status":"open","template":"","meta":{"footnotes":""},"class_list":["post-14577","page","type-page","status-publish","hentry"],"yoast_head":"<!-- This site is optimized with the Yoast SEO plugin v26.9 - https:\/\/yoast.com\/product\/yoast-seo-wordpress\/ -->\n<title>Nos atouts \u2013 votre avantage - Prelit<\/title>\n<meta name=\"robots\" content=\"index, follow, max-snippet:-1, max-image-preview:large, max-video-preview:-1\" \/>\n<link rel=\"canonical\" href=\"https:\/\/www.prelit.ch\/fr\/nos-atouts-votre-avantage\/\" \/>\n<meta property=\"og:locale\" content=\"fr_FR\" \/>\n<meta property=\"og:type\" content=\"article\" \/>\n<meta property=\"og:title\" content=\"Nos atouts \u2013 votre avantage - Prelit\" \/>\n<meta property=\"og:description\" content=\"Enracin\u00e9 en Suisse Notre propre d\u00e9veloppement de produits ainsi que notre propre production selon les normes de fabrication suisses nous permettent d&rsquo;offrir un maximum d&rsquo;avantages \u00e0 nos clients. En tant qu&rsquo;entreprise familiale suisse, nous attachons une grande importance au fait que la cha\u00eene de valeur se trouve en Suisse. Des solutions personnalis\u00e9es et flexibles Depuis [&hellip;]\" \/>\n<meta property=\"og:url\" content=\"https:\/\/www.prelit.ch\/fr\/nos-atouts-votre-avantage\/\" \/>\n<meta property=\"og:site_name\" content=\"Prelit\" \/>\n<meta property=\"article:modified_time\" content=\"2025-01-06T06:51:15+00:00\" \/>\n<meta property=\"og:image\" content=\"https:\/\/www.prelit.ch\/wp-content\/uploads\/2022\/05\/top.jpg\" \/>\n<meta name=\"twitter:card\" content=\"summary_large_image\" \/>\n<meta name=\"twitter:label1\" content=\"Dur\u00e9e de lecture estim\u00e9e\" \/>\n\t<meta name=\"twitter:data1\" content=\"3 minutes\" \/>\n<script type=\"application\/ld+json\" class=\"yoast-schema-graph\">{\"@context\":\"https:\/\/schema.org\",\"@graph\":[{\"@type\":\"WebPage\",\"@id\":\"https:\/\/www.prelit.ch\/fr\/nos-atouts-votre-avantage\/\",\"url\":\"https:\/\/www.prelit.ch\/fr\/nos-atouts-votre-avantage\/\",\"name\":\"Nos atouts \u2013 votre avantage - Prelit\",\"isPartOf\":{\"@id\":\"https:\/\/www.prelit.ch\/#website\"},\"primaryImageOfPage\":{\"@id\":\"https:\/\/www.prelit.ch\/fr\/nos-atouts-votre-avantage\/#primaryimage\"},\"image\":{\"@id\":\"https:\/\/www.prelit.ch\/fr\/nos-atouts-votre-avantage\/#primaryimage\"},\"thumbnailUrl\":\"https:\/\/www.prelit.ch\/wp-content\/uploads\/2022\/05\/top.jpg\",\"datePublished\":\"2015-12-10T12:26:53+00:00\",\"dateModified\":\"2025-01-06T06:51:15+00:00\",\"breadcrumb\":{\"@id\":\"https:\/\/www.prelit.ch\/fr\/nos-atouts-votre-avantage\/#breadcrumb\"},\"inLanguage\":\"fr-FR\",\"potentialAction\":[{\"@type\":\"ReadAction\",\"target\":[\"https:\/\/www.prelit.ch\/fr\/nos-atouts-votre-avantage\/\"]}]},{\"@type\":\"ImageObject\",\"inLanguage\":\"fr-FR\",\"@id\":\"https:\/\/www.prelit.ch\/fr\/nos-atouts-votre-avantage\/#primaryimage\",\"url\":\"https:\/\/www.prelit.ch\/wp-content\/uploads\/2022\/05\/top.jpg\",\"contentUrl\":\"https:\/\/www.prelit.ch\/wp-content\/uploads\/2022\/05\/top.jpg\"},{\"@type\":\"BreadcrumbList\",\"@id\":\"https:\/\/www.prelit.ch\/fr\/nos-atouts-votre-avantage\/#breadcrumb\",\"itemListElement\":[{\"@type\":\"ListItem\",\"position\":1,\"name\":\"Startseite\",\"item\":\"https:\/\/www.prelit.ch\/fr\/maison-1\/\"},{\"@type\":\"ListItem\",\"position\":2,\"name\":\"Nos atouts \u2013 votre avantage\"}]},{\"@type\":\"WebSite\",\"@id\":\"https:\/\/www.prelit.ch\/#website\",\"url\":\"https:\/\/www.prelit.ch\/\",\"name\":\"Prelit\",\"description\":\"\",\"publisher\":{\"@id\":\"https:\/\/www.prelit.ch\/#organization\"},\"potentialAction\":[{\"@type\":\"SearchAction\",\"target\":{\"@type\":\"EntryPoint\",\"urlTemplate\":\"https:\/\/www.prelit.ch\/?s={search_term_string}\"},\"query-input\":{\"@type\":\"PropertyValueSpecification\",\"valueRequired\":true,\"valueName\":\"search_term_string\"}}],\"inLanguage\":\"fr-FR\"},{\"@type\":\"Organization\",\"@id\":\"https:\/\/www.prelit.ch\/#organization\",\"name\":\"Prelit AG\",\"url\":\"https:\/\/www.prelit.ch\/\",\"logo\":{\"@type\":\"ImageObject\",\"inLanguage\":\"fr-FR\",\"@id\":\"https:\/\/www.prelit.ch\/#\/schema\/logo\/image\/\",\"url\":\"https:\/\/www.prelit.ch\/wp-content\/uploads\/2019\/05\/orignal.png\",\"contentUrl\":\"https:\/\/www.prelit.ch\/wp-content\/uploads\/2019\/05\/orignal.png\",\"width\":1253,\"height\":599,\"caption\":\"Prelit AG\"},\"image\":{\"@id\":\"https:\/\/www.prelit.ch\/#\/schema\/logo\/image\/\"},\"sameAs\":[\"https:\/\/www.linkedin.com\/company\/prelit-ag\/posts\/?feedView=all\"]}]}<\/script>\n<!-- \/ Yoast SEO plugin. -->","yoast_head_json":{"title":"Nos atouts \u2013 votre avantage - Prelit","robots":{"index":"index","follow":"follow","max-snippet":"max-snippet:-1","max-image-preview":"max-image-preview:large","max-video-preview":"max-video-preview:-1"},"canonical":"https:\/\/www.prelit.ch\/fr\/nos-atouts-votre-avantage\/","og_locale":"fr_FR","og_type":"article","og_title":"Nos atouts \u2013 votre avantage - Prelit","og_description":"Enracin\u00e9 en Suisse Notre propre d\u00e9veloppement de produits ainsi que notre propre production selon les normes de fabrication suisses nous permettent d&rsquo;offrir un maximum d&rsquo;avantages \u00e0 nos clients. En tant qu&rsquo;entreprise familiale suisse, nous attachons une grande importance au fait que la cha\u00eene de valeur se trouve en Suisse. Des solutions personnalis\u00e9es et flexibles Depuis [&hellip;]","og_url":"https:\/\/www.prelit.ch\/fr\/nos-atouts-votre-avantage\/","og_site_name":"Prelit","article_modified_time":"2025-01-06T06:51:15+00:00","og_image":[{"url":"https:\/\/www.prelit.ch\/wp-content\/uploads\/2022\/05\/top.jpg","type":"","width":"","height":""}],"twitter_card":"summary_large_image","twitter_misc":{"Dur\u00e9e de lecture estim\u00e9e":"3 minutes"},"schema":{"@context":"https:\/\/schema.org","@graph":[{"@type":"WebPage","@id":"https:\/\/www.prelit.ch\/fr\/nos-atouts-votre-avantage\/","url":"https:\/\/www.prelit.ch\/fr\/nos-atouts-votre-avantage\/","name":"Nos atouts \u2013 votre avantage - Prelit","isPartOf":{"@id":"https:\/\/www.prelit.ch\/#website"},"primaryImageOfPage":{"@id":"https:\/\/www.prelit.ch\/fr\/nos-atouts-votre-avantage\/#primaryimage"},"image":{"@id":"https:\/\/www.prelit.ch\/fr\/nos-atouts-votre-avantage\/#primaryimage"},"thumbnailUrl":"https:\/\/www.prelit.ch\/wp-content\/uploads\/2022\/05\/top.jpg","datePublished":"2015-12-10T12:26:53+00:00","dateModified":"2025-01-06T06:51:15+00:00","breadcrumb":{"@id":"https:\/\/www.prelit.ch\/fr\/nos-atouts-votre-avantage\/#breadcrumb"},"inLanguage":"fr-FR","potentialAction":[{"@type":"ReadAction","target":["https:\/\/www.prelit.ch\/fr\/nos-atouts-votre-avantage\/"]}]},{"@type":"ImageObject","inLanguage":"fr-FR","@id":"https:\/\/www.prelit.ch\/fr\/nos-atouts-votre-avantage\/#primaryimage","url":"https:\/\/www.prelit.ch\/wp-content\/uploads\/2022\/05\/top.jpg","contentUrl":"https:\/\/www.prelit.ch\/wp-content\/uploads\/2022\/05\/top.jpg"},{"@type":"BreadcrumbList","@id":"https:\/\/www.prelit.ch\/fr\/nos-atouts-votre-avantage\/#breadcrumb","itemListElement":[{"@type":"ListItem","position":1,"name":"Startseite","item":"https:\/\/www.prelit.ch\/fr\/maison-1\/"},{"@type":"ListItem","position":2,"name":"Nos atouts \u2013 votre avantage"}]},{"@type":"WebSite","@id":"https:\/\/www.prelit.ch\/#website","url":"https:\/\/www.prelit.ch\/","name":"Prelit","description":"","publisher":{"@id":"https:\/\/www.prelit.ch\/#organization"},"potentialAction":[{"@type":"SearchAction","target":{"@type":"EntryPoint","urlTemplate":"https:\/\/www.prelit.ch\/?s={search_term_string}"},"query-input":{"@type":"PropertyValueSpecification","valueRequired":true,"valueName":"search_term_string"}}],"inLanguage":"fr-FR"},{"@type":"Organization","@id":"https:\/\/www.prelit.ch\/#organization","name":"Prelit AG","url":"https:\/\/www.prelit.ch\/","logo":{"@type":"ImageObject","inLanguage":"fr-FR","@id":"https:\/\/www.prelit.ch\/#\/schema\/logo\/image\/","url":"https:\/\/www.prelit.ch\/wp-content\/uploads\/2019\/05\/orignal.png","contentUrl":"https:\/\/www.prelit.ch\/wp-content\/uploads\/2019\/05\/orignal.png","width":1253,"height":599,"caption":"Prelit AG"},"image":{"@id":"https:\/\/www.prelit.ch\/#\/schema\/logo\/image\/"},"sameAs":["https:\/\/www.linkedin.com\/company\/prelit-ag\/posts\/?feedView=all"]}]}},"_links":{"self":[{"href":"https:\/\/www.prelit.ch\/fr\/wp-json\/wp\/v2\/pages\/14577","targetHints":{"allow":["GET"]}}],"collection":[{"href":"https:\/\/www.prelit.ch\/fr\/wp-json\/wp\/v2\/pages"}],"about":[{"href":"https:\/\/www.prelit.ch\/fr\/wp-json\/wp\/v2\/types\/page"}],"author":[{"embeddable":true,"href":"https:\/\/www.prelit.ch\/fr\/wp-json\/wp\/v2\/users\/1"}],"replies":[{"embeddable":true,"href":"https:\/\/www.prelit.ch\/fr\/wp-json\/wp\/v2\/comments?post=14577"}],"version-history":[{"count":32,"href":"https:\/\/www.prelit.ch\/fr\/wp-json\/wp\/v2\/pages\/14577\/revisions"}],"predecessor-version":[{"id":25909,"href":"https:\/\/www.prelit.ch\/fr\/wp-json\/wp\/v2\/pages\/14577\/revisions\/25909"}],"wp:attachment":[{"href":"https:\/\/www.prelit.ch\/fr\/wp-json\/wp\/v2\/media?parent=14577"}],"curies":[{"name":"wp","href":"https:\/\/api.w.org\/{rel}","templated":true}]}}