{"id":14556,"date":"2019-06-13T07:25:24","date_gmt":"2019-06-13T06:25:24","guid":{"rendered":"https:\/\/www.prelit.ch\/carriere\/"},"modified":"2025-10-03T15:56:05","modified_gmt":"2025-10-03T14:56:05","slug":"carriere","status":"publish","type":"page","link":"https:\/\/www.prelit.ch\/fr\/carriere\/","title":{"rendered":"Carri\u00e8re"},"content":{"rendered":"\t\t<div data-elementor-type=\"wp-post\" data-elementor-id=\"14556\" class=\"elementor elementor-14556 elementor-5448\">\n\t\t\t\t\t\t<section class=\"elementor-section elementor-top-section elementor-element elementor-element-3dc7cd8 elementor-hidden-tablet elementor-hidden-mobile elementor-section-boxed elementor-section-height-default elementor-section-height-default\" data-id=\"3dc7cd8\" data-element_type=\"section\">\n\t\t\t\t\t\t<div class=\"elementor-container elementor-column-gap-default\">\n\t\t\t\t\t<div class=\"elementor-column elementor-col-100 elementor-top-column elementor-element elementor-element-e4df3aa top column-style-top\" data-id=\"e4df3aa\" data-element_type=\"column\">\n\t\t\t<div class=\"elementor-widget-wrap elementor-element-populated\">\n\t\t\t\t\t\t<div class=\"elementor-element elementor-element-f17225b elementor-widget elementor-widget-text-editor\" data-id=\"f17225b\" data-element_type=\"widget\" data-widget_type=\"text-editor.default\">\n\t\t\t\t<div class=\"elementor-widget-container\">\n\t\t\t\t\t\t\t\t\t<h3>Nous n&rsquo;avons actuellement aucun poste \u00e0 pourvoir &#8211; les candidatures spontan\u00e9es sont les bienvenues<\/h3><p> <\/p>\t\t\t\t\t\t\t\t<\/div>\n\t\t\t\t<\/div>\n\t\t\t\t<div class=\"elementor-element elementor-element-975e607 elementor-hidden-desktop elementor-hidden-tablet elementor-hidden-mobile elementor-widget elementor-widget-gva-career-block\" data-id=\"975e607\" data-element_type=\"widget\" data-widget_type=\"gva-career-block.default\">\n\t\t\t\t<div class=\"elementor-widget-container\">\n\t\t\t\t\t<div class=\"gva-element-gva-career-block gva-element\">   <div class=\"gsc-career\">\r\n               <div class=\"image-box\"><img decoding=\"async\" src=\"https:\/\/www.prelit.ch\/wp-content\/uploads\/2019\/05\/prelit_logo.png\" alt=\"Kaufm\u00e4nnische\/r Mitarbeiter\/In 50-100%&lt;br&gt;\"\/><\/div>\r\n      \r\n      <div class=\"box-content clearfix\">\r\n                     <span class=\"job-type\">Full Time<\/span>\r\n                              <h2 class=\"title\">\r\n              <a href=\"https:\/\/www.prelit.ch\/wp-content\/uploads\/2024\/06\/Stelleninserat-KV-Juni-2024.pdf\" target=\"_blank\">Kaufm\u00e4nnische\/r Mitarbeiter\/In 50-100%<br><\/a>            <\/h2>\r\n                  <div class=\"box-information clearfix\">\r\n            <ul>\r\n                                 <li class=\"job-company\">\r\n                     <i class=\"icon fa fa-suitcase\"><\/i>\r\n                     Prelit                  <\/li>\r\n                                                <li class=\"job-address\">\r\n                     <i class=\"icon fas fa-map-marker-alt\"><\/i>\r\n                     Prelit AG, Werkstrasse 3, 5608 Stetten \/ AG                  <\/li>\r\n                           <\/ul>\r\n         <\/div>\r\n      <\/div>   \r\n   <\/div>\r\n<\/div>\t\t\t\t<\/div>\n\t\t\t\t<\/div>\n\t\t\t\t\t<\/div>\n\t\t<\/div>\n\t\t\t\t\t<\/div>\n\t\t<\/section>\n\t\t\t\t<\/div>\n\t\t","protected":false},"excerpt":{"rendered":"<p>Nous n&rsquo;avons actuellement aucun poste \u00e0 pourvoir &#8211; les candidatures spontan\u00e9es sont les bienvenues Full Time Kaufm\u00e4nnische\/r Mitarbeiter\/In 50-100% Prelit Prelit AG, Werkstrasse 3, 5608 Stetten \/ AG<\/p>\n","protected":false},"author":1,"featured_media":0,"parent":0,"menu_order":0,"comment_status":"closed","ping_status":"closed","template":"","meta":{"footnotes":""},"class_list":["post-14556","page","type-page","status-publish","hentry"],"yoast_head":"<!-- This site is optimized with the Yoast SEO plugin v26.9 - https:\/\/yoast.com\/product\/yoast-seo-wordpress\/ -->\n<title>Carri\u00e8re - Prelit<\/title>\n<meta name=\"robots\" content=\"index, follow, max-snippet:-1, max-image-preview:large, max-video-preview:-1\" \/>\n<link rel=\"canonical\" href=\"https:\/\/www.prelit.ch\/fr\/carriere\/\" \/>\n<meta property=\"og:locale\" content=\"fr_FR\" \/>\n<meta property=\"og:type\" content=\"article\" \/>\n<meta property=\"og:title\" content=\"Carri\u00e8re - Prelit\" \/>\n<meta property=\"og:description\" content=\"Nous n&rsquo;avons actuellement aucun poste \u00e0 pourvoir &#8211; les candidatures spontan\u00e9es sont les bienvenues Full Time Kaufm\u00e4nnische\/r Mitarbeiter\/In 50-100% Prelit Prelit AG, Werkstrasse 3, 5608 Stetten \/ AG\" \/>\n<meta property=\"og:url\" content=\"https:\/\/www.prelit.ch\/fr\/carriere\/\" \/>\n<meta property=\"og:site_name\" content=\"Prelit\" \/>\n<meta property=\"article:modified_time\" content=\"2025-10-03T14:56:05+00:00\" \/>\n<meta property=\"og:image\" content=\"https:\/\/www.prelit.ch\/wp-content\/uploads\/2019\/05\/prelit_logo.png\" \/>\n<meta name=\"twitter:card\" content=\"summary_large_image\" \/>\n<meta name=\"twitter:label1\" content=\"Dur\u00e9e de lecture estim\u00e9e\" \/>\n\t<meta name=\"twitter:data1\" content=\"1 minute\" \/>\n<script type=\"application\/ld+json\" class=\"yoast-schema-graph\">{\"@context\":\"https:\/\/schema.org\",\"@graph\":[{\"@type\":\"WebPage\",\"@id\":\"https:\/\/www.prelit.ch\/fr\/carriere\/\",\"url\":\"https:\/\/www.prelit.ch\/fr\/carriere\/\",\"name\":\"Carri\u00e8re - Prelit\",\"isPartOf\":{\"@id\":\"https:\/\/www.prelit.ch\/#website\"},\"primaryImageOfPage\":{\"@id\":\"https:\/\/www.prelit.ch\/fr\/carriere\/#primaryimage\"},\"image\":{\"@id\":\"https:\/\/www.prelit.ch\/fr\/carriere\/#primaryimage\"},\"thumbnailUrl\":\"https:\/\/www.prelit.ch\/wp-content\/uploads\/2019\/05\/prelit_logo.png\",\"datePublished\":\"2019-06-13T06:25:24+00:00\",\"dateModified\":\"2025-10-03T14:56:05+00:00\",\"breadcrumb\":{\"@id\":\"https:\/\/www.prelit.ch\/fr\/carriere\/#breadcrumb\"},\"inLanguage\":\"fr-FR\",\"potentialAction\":[{\"@type\":\"ReadAction\",\"target\":[\"https:\/\/www.prelit.ch\/fr\/carriere\/\"]}]},{\"@type\":\"ImageObject\",\"inLanguage\":\"fr-FR\",\"@id\":\"https:\/\/www.prelit.ch\/fr\/carriere\/#primaryimage\",\"url\":\"https:\/\/www.prelit.ch\/wp-content\/uploads\/2019\/05\/prelit_logo.png\",\"contentUrl\":\"https:\/\/www.prelit.ch\/wp-content\/uploads\/2019\/05\/prelit_logo.png\"},{\"@type\":\"BreadcrumbList\",\"@id\":\"https:\/\/www.prelit.ch\/fr\/carriere\/#breadcrumb\",\"itemListElement\":[{\"@type\":\"ListItem\",\"position\":1,\"name\":\"Startseite\",\"item\":\"https:\/\/www.prelit.ch\/fr\/maison-1\/\"},{\"@type\":\"ListItem\",\"position\":2,\"name\":\"Carri\u00e8re\"}]},{\"@type\":\"WebSite\",\"@id\":\"https:\/\/www.prelit.ch\/#website\",\"url\":\"https:\/\/www.prelit.ch\/\",\"name\":\"Prelit\",\"description\":\"\",\"publisher\":{\"@id\":\"https:\/\/www.prelit.ch\/#organization\"},\"potentialAction\":[{\"@type\":\"SearchAction\",\"target\":{\"@type\":\"EntryPoint\",\"urlTemplate\":\"https:\/\/www.prelit.ch\/?s={search_term_string}\"},\"query-input\":{\"@type\":\"PropertyValueSpecification\",\"valueRequired\":true,\"valueName\":\"search_term_string\"}}],\"inLanguage\":\"fr-FR\"},{\"@type\":\"Organization\",\"@id\":\"https:\/\/www.prelit.ch\/#organization\",\"name\":\"Prelit AG\",\"url\":\"https:\/\/www.prelit.ch\/\",\"logo\":{\"@type\":\"ImageObject\",\"inLanguage\":\"fr-FR\",\"@id\":\"https:\/\/www.prelit.ch\/#\/schema\/logo\/image\/\",\"url\":\"https:\/\/www.prelit.ch\/wp-content\/uploads\/2019\/05\/orignal.png\",\"contentUrl\":\"https:\/\/www.prelit.ch\/wp-content\/uploads\/2019\/05\/orignal.png\",\"width\":1253,\"height\":599,\"caption\":\"Prelit AG\"},\"image\":{\"@id\":\"https:\/\/www.prelit.ch\/#\/schema\/logo\/image\/\"},\"sameAs\":[\"https:\/\/www.linkedin.com\/company\/prelit-ag\/posts\/?feedView=all\"]}]}<\/script>\n<!-- \/ Yoast SEO plugin. -->","yoast_head_json":{"title":"Carri\u00e8re - Prelit","robots":{"index":"index","follow":"follow","max-snippet":"max-snippet:-1","max-image-preview":"max-image-preview:large","max-video-preview":"max-video-preview:-1"},"canonical":"https:\/\/www.prelit.ch\/fr\/carriere\/","og_locale":"fr_FR","og_type":"article","og_title":"Carri\u00e8re - Prelit","og_description":"Nous n&rsquo;avons actuellement aucun poste \u00e0 pourvoir &#8211; les candidatures spontan\u00e9es sont les bienvenues Full Time Kaufm\u00e4nnische\/r Mitarbeiter\/In 50-100% Prelit Prelit AG, Werkstrasse 3, 5608 Stetten \/ AG","og_url":"https:\/\/www.prelit.ch\/fr\/carriere\/","og_site_name":"Prelit","article_modified_time":"2025-10-03T14:56:05+00:00","og_image":[{"url":"https:\/\/www.prelit.ch\/wp-content\/uploads\/2019\/05\/prelit_logo.png","type":"","width":"","height":""}],"twitter_card":"summary_large_image","twitter_misc":{"Dur\u00e9e de lecture estim\u00e9e":"1 minute"},"schema":{"@context":"https:\/\/schema.org","@graph":[{"@type":"WebPage","@id":"https:\/\/www.prelit.ch\/fr\/carriere\/","url":"https:\/\/www.prelit.ch\/fr\/carriere\/","name":"Carri\u00e8re - Prelit","isPartOf":{"@id":"https:\/\/www.prelit.ch\/#website"},"primaryImageOfPage":{"@id":"https:\/\/www.prelit.ch\/fr\/carriere\/#primaryimage"},"image":{"@id":"https:\/\/www.prelit.ch\/fr\/carriere\/#primaryimage"},"thumbnailUrl":"https:\/\/www.prelit.ch\/wp-content\/uploads\/2019\/05\/prelit_logo.png","datePublished":"2019-06-13T06:25:24+00:00","dateModified":"2025-10-03T14:56:05+00:00","breadcrumb":{"@id":"https:\/\/www.prelit.ch\/fr\/carriere\/#breadcrumb"},"inLanguage":"fr-FR","potentialAction":[{"@type":"ReadAction","target":["https:\/\/www.prelit.ch\/fr\/carriere\/"]}]},{"@type":"ImageObject","inLanguage":"fr-FR","@id":"https:\/\/www.prelit.ch\/fr\/carriere\/#primaryimage","url":"https:\/\/www.prelit.ch\/wp-content\/uploads\/2019\/05\/prelit_logo.png","contentUrl":"https:\/\/www.prelit.ch\/wp-content\/uploads\/2019\/05\/prelit_logo.png"},{"@type":"BreadcrumbList","@id":"https:\/\/www.prelit.ch\/fr\/carriere\/#breadcrumb","itemListElement":[{"@type":"ListItem","position":1,"name":"Startseite","item":"https:\/\/www.prelit.ch\/fr\/maison-1\/"},{"@type":"ListItem","position":2,"name":"Carri\u00e8re"}]},{"@type":"WebSite","@id":"https:\/\/www.prelit.ch\/#website","url":"https:\/\/www.prelit.ch\/","name":"Prelit","description":"","publisher":{"@id":"https:\/\/www.prelit.ch\/#organization"},"potentialAction":[{"@type":"SearchAction","target":{"@type":"EntryPoint","urlTemplate":"https:\/\/www.prelit.ch\/?s={search_term_string}"},"query-input":{"@type":"PropertyValueSpecification","valueRequired":true,"valueName":"search_term_string"}}],"inLanguage":"fr-FR"},{"@type":"Organization","@id":"https:\/\/www.prelit.ch\/#organization","name":"Prelit AG","url":"https:\/\/www.prelit.ch\/","logo":{"@type":"ImageObject","inLanguage":"fr-FR","@id":"https:\/\/www.prelit.ch\/#\/schema\/logo\/image\/","url":"https:\/\/www.prelit.ch\/wp-content\/uploads\/2019\/05\/orignal.png","contentUrl":"https:\/\/www.prelit.ch\/wp-content\/uploads\/2019\/05\/orignal.png","width":1253,"height":599,"caption":"Prelit AG"},"image":{"@id":"https:\/\/www.prelit.ch\/#\/schema\/logo\/image\/"},"sameAs":["https:\/\/www.linkedin.com\/company\/prelit-ag\/posts\/?feedView=all"]}]}},"_links":{"self":[{"href":"https:\/\/www.prelit.ch\/fr\/wp-json\/wp\/v2\/pages\/14556","targetHints":{"allow":["GET"]}}],"collection":[{"href":"https:\/\/www.prelit.ch\/fr\/wp-json\/wp\/v2\/pages"}],"about":[{"href":"https:\/\/www.prelit.ch\/fr\/wp-json\/wp\/v2\/types\/page"}],"author":[{"embeddable":true,"href":"https:\/\/www.prelit.ch\/fr\/wp-json\/wp\/v2\/users\/1"}],"replies":[{"embeddable":true,"href":"https:\/\/www.prelit.ch\/fr\/wp-json\/wp\/v2\/comments?post=14556"}],"version-history":[{"count":94,"href":"https:\/\/www.prelit.ch\/fr\/wp-json\/wp\/v2\/pages\/14556\/revisions"}],"predecessor-version":[{"id":27611,"href":"https:\/\/www.prelit.ch\/fr\/wp-json\/wp\/v2\/pages\/14556\/revisions\/27611"}],"wp:attachment":[{"href":"https:\/\/www.prelit.ch\/fr\/wp-json\/wp\/v2\/media?parent=14556"}],"curies":[{"name":"wp","href":"https:\/\/api.w.org\/{rel}","templated":true}]}}