{"id":14554,"date":"2018-07-05T01:04:27","date_gmt":"2018-07-05T00:04:27","guid":{"rendered":"https:\/\/www.prelit.ch\/produits-et-services\/"},"modified":"2025-10-03T17:09:06","modified_gmt":"2025-10-03T16:09:06","slug":"produits-et-services","status":"publish","type":"page","link":"https:\/\/www.prelit.ch\/fr\/produits-et-services\/","title":{"rendered":"Solutions"},"content":{"rendered":"\t\t<div data-elementor-type=\"wp-post\" data-elementor-id=\"14554\" class=\"elementor elementor-14554 elementor-3124\">\n\t\t\t\t\t\t<section class=\"elementor-section elementor-top-section elementor-element elementor-element-1c672db elementor-section-boxed elementor-section-height-default elementor-section-height-default\" data-id=\"1c672db\" data-element_type=\"section\" data-settings=\"{&quot;background_background&quot;:&quot;classic&quot;}\">\n\t\t\t\t\t\t<div class=\"elementor-container elementor-column-gap-default\">\n\t\t\t\t\t<div class=\"elementor-column elementor-col-100 elementor-top-column elementor-element elementor-element-0165fe9 top column-style-top\" data-id=\"0165fe9\" data-element_type=\"column\">\n\t\t\t<div class=\"elementor-widget-wrap elementor-element-populated\">\n\t\t\t\t\t\t<div class=\"elementor-element elementor-element-30a61c6 elementor-widget elementor-widget-gva-heading-block\" data-id=\"30a61c6\" data-element_type=\"widget\" data-widget_type=\"gva-heading-block.default\">\n\t\t\t\t<div class=\"elementor-widget-container\">\n\t\t\t\t\t<div class=\"gva-element-gva-heading-block gva-element\">   <div class=\"align-center style-1 widget gsc-heading box-align-center\">\r\n      <div class=\"content-inner\">\r\n         \r\n                  \r\n                     <div class=\"clearfix\"><div class=\"sub-title\"><span>Ce que nous offrons<\/span><\/div><\/div>\r\n           \r\n         \r\n                     <h2 class=\"title\">\r\n               <span>Des produits<\/span>\r\n            <\/h2>\r\n                  \r\n         \r\n      <\/div>\r\n   <\/div>\r\n   <div class=\"clearfix\"><\/div>\r\n<\/div>\t\t\t\t<\/div>\n\t\t\t\t<\/div>\n\t\t\t\t<div class=\"elementor-element elementor-element-07e24b3 elementor-widget elementor-widget-gva-services-group\" data-id=\"07e24b3\" data-element_type=\"widget\" data-widget_type=\"gva-services-group.default\">\n\t\t\t\t<div class=\"elementor-widget-container\">\n\t\t\t\t\t<div class=\"gva-element-gva-services-group gva-element\">\r\n<div class=\"gsc-services-group layout-grid\">\r\n   <div class=\"lg-block-grid-2 md-block-grid-2 sm-block-grid-2 xs-block-grid-2 xx-block-grid-1\">\r\n               <div class=\"item-columns\">\r\n            \r\n   <div class=\"service-item style-1\">\r\n      <div class=\"service-item-content\">\r\n      \t\t<div class=\"service-image\">\t      \t\r\n\t\t\t\r\n\t\t\t\t\t\t\t<img decoding=\"async\" src=\"https:\/\/www.prelit.ch\/wp-content\/uploads\/2024\/10\/shutterstock_1810346803.jpg\" alt=\"D\u00e9graissage\" \/>\r\n\t\t\t\t\t\r\n\t            \t\t\t<\/div>\r\n            <div class=\"service-content\">\r\n\t\t\t\t\t\t\t\t\t<h3 class=\"title\"><span>D\u00e9graissage<\/span><\/h3>\r\n\t\t\t\t\r\n\t\t\t\t\t\t\t\t\t<div class=\"desc\">Quand il faut \u00eatre propre !<\/br><br>\n\nGr\u00e2ce \u00e0 notre ligne de produits Prelitin, vos pi\u00e8ces sont nettoy\u00e9es de fa\u00e7on optimale et pr\u00e9par\u00e9es pour la suite du processus \n.\n<\/div>\r\n\t\t\t\t\r\n\t\t\t\t\t\t\t\t\t\r\n\t\t\t\t\t<div class=\"read-more\">\r\n\t\t               <a href=\"\/produkte-und-services\/entfettung\/\">\r\n\t\t               \t<i class=\"fas fa-long-arrow-alt-right\"><\/i>\r\n\t\t               <\/a>\r\n\t\t            <\/div>\r\n\t\t\t\t\t\t\t<\/div>\r\n\t\t<\/div>\r\n\t\t\r\n\t\t        <a href=\"\/produkte-und-services\/entfettung\/\" class=\"link-overlay\"><\/a>\r\n        \t<\/div>\t\t\r\n\t\r\n\r\n\r\n<!-- Style II -->\r\n\t         <\/div>\r\n               <div class=\"item-columns\">\r\n            \r\n   <div class=\"service-item style-1\">\r\n      <div class=\"service-item-content\">\r\n      \t\t<div class=\"service-image\">\t      \t\r\n\t\t\t\r\n\t\t\t\t\t\t\t<img decoding=\"async\" src=\"https:\/\/www.prelit.ch\/wp-content\/uploads\/2024\/11\/IMG-20241029-WA0030.jpg\" alt=\"D\u00e9capage\" \/>\r\n\t\t\t\t\t\r\n\t            \t\t\t<\/div>\r\n            <div class=\"service-content\">\r\n\t\t\t\t\t\t\t\t\t<h3 class=\"title\"><span>D\u00e9capage<\/span><\/h3>\r\n\t\t\t\t\r\n\t\t\t\t\t\t\t\t\t<div class=\"desc\">Le d\u00e9capage est une \u00e9tape essentielle d'un bon pr\u00e9traitement de surface !<\/br>\nAvec notre gamme de produits Precap, vos pi\u00e8ces sont d\u00e9barrass\u00e9es des oxydes perturbateurs qui pourraient perturber la suite du processus.\n<\/div>\r\n\t\t\t\t\r\n\t\t\t\t\t\t\t\t\t\r\n\t\t\t\t\t<div class=\"read-more\">\r\n\t\t               <a href=\"\/produkte-und-services\/beizen\/\">\r\n\t\t               \t<i class=\"fas fa-long-arrow-alt-right\"><\/i>\r\n\t\t               <\/a>\r\n\t\t            <\/div>\r\n\t\t\t\t\t\t\t<\/div>\r\n\t\t<\/div>\r\n\t\t\r\n\t\t        <a href=\"\/produkte-und-services\/beizen\/\" class=\"link-overlay\"><\/a>\r\n        \t<\/div>\t\t\r\n\t\r\n\r\n\r\n<!-- Style II -->\r\n\t         <\/div>\r\n               <div class=\"item-columns\">\r\n            \r\n   <div class=\"service-item style-1\">\r\n      <div class=\"service-item-content\">\r\n      \t\t<div class=\"service-image\">\t      \t\r\n\t\t\t\r\n\t\t\t\t\t\t\t<img decoding=\"async\" src=\"https:\/\/www.prelit.ch\/wp-content\/uploads\/2024\/10\/shutterstock_109873724.jpg\" alt=\"Protection contre la corrosion\" \/>\r\n\t\t\t\t\t\r\n\t            \t\t\t<\/div>\r\n            <div class=\"service-content\">\r\n\t\t\t\t\t\t\t\t\t<h3 class=\"title\"><span>Protection contre la corrosion<\/span><\/h3>\r\n\t\t\t\t\r\n\t\t\t\t\t\t\t\t\t<div class=\"desc\">Protection accrue gr\u00e2ce \u00e0 Prepas, Prephos et Prechrom !<\/br><br><\/br>\n<\/div>\r\n\t\t\t\t\r\n\t\t\t\t\t\t\t\t\t\r\n\t\t\t\t\t<div class=\"read-more\">\r\n\t\t               <a href=\"\/produkte-und-services\/korrosionsschutz\/\">\r\n\t\t               \t<i class=\"fas fa-long-arrow-alt-right\"><\/i>\r\n\t\t               <\/a>\r\n\t\t            <\/div>\r\n\t\t\t\t\t\t\t<\/div>\r\n\t\t<\/div>\r\n\t\t\r\n\t\t        <a href=\"\/produkte-und-services\/korrosionsschutz\/\" class=\"link-overlay\"><\/a>\r\n        \t<\/div>\t\t\r\n\t\r\n\r\n\r\n<!-- Style II -->\r\n\t         <\/div>\r\n               <div class=\"item-columns\">\r\n            \r\n   <div class=\"service-item style-1\">\r\n      <div class=\"service-item-content\">\r\n      \t\t<div class=\"service-image\">\t      \t\r\n\t\t\t\r\n\t\t\t\t\t\t\t<img decoding=\"async\" src=\"https:\/\/www.prelit.ch\/wp-content\/uploads\/2022\/04\/paint-striping.png\" alt=\"D\u00e9capage de peinture\" \/>\r\n\t\t\t\t\t\r\n\t            \t\t\t<\/div>\r\n            <div class=\"service-content\">\r\n\t\t\t\t\t\t\t\t\t<h3 class=\"title\"><span>D\u00e9capage de peinture<\/span><\/h3>\r\n\t\t\t\t\r\n\t\t\t\t\t\t\t\t\t<div class=\"desc\">La peinture s'enl\u00e8ve !<\/br>\nSi la peinture doit se d\u00e9tacher, notre gamme de produits Prestrip est la solution id\u00e9ale.<\/div>\r\n\t\t\t\t\r\n\t\t\t\t\t\t\t\t\t\r\n\t\t\t\t\t<div class=\"read-more\">\r\n\t\t               <a href=\"\/produkte-und-services\/entlackung\/\">\r\n\t\t               \t<i class=\"fas fa-long-arrow-alt-right\"><\/i>\r\n\t\t               <\/a>\r\n\t\t            <\/div>\r\n\t\t\t\t\t\t\t<\/div>\r\n\t\t<\/div>\r\n\t\t\r\n\t\t        <a href=\"\/produkte-und-services\/entlackung\/\" class=\"link-overlay\"><\/a>\r\n        \t<\/div>\t\t\r\n\t\r\n\r\n\r\n<!-- Style II -->\r\n\t         <\/div>\r\n               <div class=\"item-columns\">\r\n            \r\n   <div class=\"service-item style-1\">\r\n      <div class=\"service-item-content\">\r\n      \t\t<div class=\"service-image\">\t      \t\r\n\t\t\t\r\n\t\t\t\t\t\t\t<img decoding=\"async\" src=\"https:\/\/www.prelit.ch\/wp-content\/uploads\/2024\/10\/shutterstock_1494933779.jpg\" alt=\"Solvants et diluants\" \/>\r\n\t\t\t\t\t\r\n\t            \t\t\t<\/div>\r\n            <div class=\"service-content\">\r\n\t\t\t\t\t\t\t\t\t<h3 class=\"title\"><span>Solvants et diluants<\/span><\/h3>\r\n\t\t\t\t\r\n\t\t\t\t\t\t\t\t\t<div class=\"desc\">La solution simple !<\/br><\/br>\nPreSTAR et RAK - nos lignes pour les diluants de peinture, les diluants de nettoyage ou les nettoyants hydrocarbon\u00e9s.<\/div>\r\n\t\t\t\t\r\n\t\t\t\t\t\t\t\t\t\r\n\t\t\t\t\t<div class=\"read-more\">\r\n\t\t               <a href=\"\/produkte-und-services\/losemittel-verdunner\/\">\r\n\t\t               \t<i class=\"fas fa-long-arrow-alt-right\"><\/i>\r\n\t\t               <\/a>\r\n\t\t            <\/div>\r\n\t\t\t\t\t\t\t<\/div>\r\n\t\t<\/div>\r\n\t\t\r\n\t\t        <a href=\"\/produkte-und-services\/losemittel-verdunner\/\" class=\"link-overlay\"><\/a>\r\n        \t<\/div>\t\t\r\n\t\r\n\r\n\r\n<!-- Style II -->\r\n\t         <\/div>\r\n               <div class=\"item-columns\">\r\n            \r\n   <div class=\"service-item style-1\">\r\n      <div class=\"service-item-content\">\r\n      \t\t<div class=\"service-image\">\t      \t\r\n\t\t\t\r\n\t\t\t\t\t\t\t<img decoding=\"async\" src=\"https:\/\/www.prelit.ch\/wp-content\/uploads\/2024\/06\/male-scientist-worker-in-white-coat-working-with-t-2023-11-27-04-54-57-utc-scaled-e1719479088557.jpg\" alt=\"Chimie des eaux us\u00e9es\" \/>\r\n\t\t\t\t\t\r\n\t            \t\t\t<\/div>\r\n            <div class=\"service-content\">\r\n\t\t\t\t\t\t\t\t\t<h3 class=\"title\"><span>Chimie des eaux us\u00e9es<\/span><\/h3>\r\n\t\t\t\t\r\n\t\t\t\t\t\t\t\t\t<div class=\"desc\">Une affaire propre !<\/br>\nPour traiter les eaux us\u00e9es industrielles pollu\u00e9es, il existe notre ligne de produits Prefloc.\nLes produits sont adapt\u00e9s \u00e0 votre processus.\n<\/div>\r\n\t\t\t\t\r\n\t\t\t\t\t\t\t\t\t\r\n\t\t\t\t\t<div class=\"read-more\">\r\n\t\t               <a href=\"https:\/\/www.prelit.ch\/produkte-und-services\/abwasserchemie\/\">\r\n\t\t               \t<i class=\"fas fa-long-arrow-alt-right\"><\/i>\r\n\t\t               <\/a>\r\n\t\t            <\/div>\r\n\t\t\t\t\t\t\t<\/div>\r\n\t\t<\/div>\r\n\t\t\r\n\t\t        <a href=\"https:\/\/www.prelit.ch\/produkte-und-services\/abwasserchemie\/\" class=\"link-overlay\"><\/a>\r\n        \t<\/div>\t\t\r\n\t\r\n\r\n\r\n<!-- Style II -->\r\n\t         <\/div>\r\n               <div class=\"item-columns\">\r\n            \r\n   <div class=\"service-item style-1\">\r\n      <div class=\"service-item-content\">\r\n      \t\t<div class=\"service-image\">\t      \t\r\n\t\t\t\r\n\t\t\t\t\t\t\t<img decoding=\"async\" src=\"https:\/\/www.prelit.ch\/wp-content\/uploads\/2022\/06\/custom.jpg\" alt=\"Demandes des clients\" \/>\r\n\t\t\t\t\t\r\n\t            \t\t\t<\/div>\r\n            <div class=\"service-content\">\r\n\t\t\t\t\t\t\t\t\t<h3 class=\"title\"><span>Demandes des clients<\/span><\/h3>\r\n\t\t\t\t\r\n\t\t\t\t\t\t\t\t\t<div class=\"desc\">Nous serons heureux de vous aider en vous proposant des solutions adapt\u00e9es !<\/div>\r\n\t\t\t\t\r\n\t\t\t\t\t\t\t\t\t\r\n\t\t\t\t\t<div class=\"read-more\">\r\n\t\t               <a href=\"https:\/\/www.prelit.ch\/produkte-und-services\/kundenwunsche\/\">\r\n\t\t               \t<i class=\"fas fa-long-arrow-alt-right\"><\/i>\r\n\t\t               <\/a>\r\n\t\t            <\/div>\r\n\t\t\t\t\t\t\t<\/div>\r\n\t\t<\/div>\r\n\t\t\r\n\t\t        <a href=\"https:\/\/www.prelit.ch\/produkte-und-services\/kundenwunsche\/\" class=\"link-overlay\"><\/a>\r\n        \t<\/div>\t\t\r\n\t\r\n\r\n\r\n<!-- Style II -->\r\n\t         <\/div>\r\n               <div class=\"item-columns\">\r\n            \r\n   <div class=\"service-item style-1\">\r\n      <div class=\"service-item-content\">\r\n      \t\t<div class=\"service-image\">\t      \t\r\n\t\t\t\r\n\t\t\t\t\t\t\t<img decoding=\"async\" src=\"https:\/\/www.prelit.ch\/wp-content\/uploads\/2022\/07\/Dienstleistung-4-e1657108306324.png\" alt=\"Prestations de service\" \/>\r\n\t\t\t\t\t\r\n\t            \t\t\t<\/div>\r\n            <div class=\"service-content\">\r\n\t\t\t\t\t\t\t\t\t<h3 class=\"title\"><span>Prestations de service<\/span><\/h3>\r\n\t\t\t\t\r\n\t\t\t\t\t\t\t\t\t<div class=\"desc\">Nous sommes \u00e0 votre disposition !<\/div>\r\n\t\t\t\t\r\n\t\t\t\t\t\t\t\t\t\r\n\t\t\t\t\t<div class=\"read-more\">\r\n\t\t               <a href=\"\/produkte-und-services\/dienstleistungen\/\">\r\n\t\t               \t<i class=\"fas fa-long-arrow-alt-right\"><\/i>\r\n\t\t               <\/a>\r\n\t\t            <\/div>\r\n\t\t\t\t\t\t\t<\/div>\r\n\t\t<\/div>\r\n\t\t\r\n\t\t        <a href=\"\/produkte-und-services\/dienstleistungen\/\" class=\"link-overlay\"><\/a>\r\n        \t<\/div>\t\t\r\n\t\r\n\r\n\r\n<!-- Style II -->\r\n\t         <\/div>\r\n         <\/div>   \r\n<\/div>\r\n<\/div>\t\t\t\t<\/div>\n\t\t\t\t<\/div>\n\t\t\t\t\t<\/div>\n\t\t<\/div>\n\t\t\t\t\t<\/div>\n\t\t<\/section>\n\t\t\t\t<section class=\"elementor-section elementor-top-section elementor-element elementor-element-4f89e68 bg-row-theme elementor-section-boxed elementor-section-height-default elementor-section-height-default\" data-id=\"4f89e68\" data-element_type=\"section\">\n\t\t\t\t\t\t<div class=\"elementor-container elementor-column-gap-default\">\n\t\t\t\t\t<div class=\"elementor-column elementor-col-100 elementor-top-column elementor-element elementor-element-47ae47d top column-style-top\" data-id=\"47ae47d\" data-element_type=\"column\">\n\t\t\t<div class=\"elementor-widget-wrap elementor-element-populated\">\n\t\t\t\t\t\t<div class=\"elementor-element elementor-element-40f50a9 elementor-widget elementor-widget-gva-call-to-action\" data-id=\"40f50a9\" data-element_type=\"widget\" data-widget_type=\"gva-call-to-action.default\">\n\t\t\t\t<div class=\"elementor-widget-container\">\n\t\t\t\t\t<div class=\"gva-element-gva-call-to-action gva-element\">\r\n   <div class=\"button-right widget gsc-call-to-action\">\r\n      <div class=\"content-inner clearfix\" >\r\n         <div class=\"cta-content\">\r\n                           <h2 class=\"title\">\r\n                  <span>Contactez-nous<\/span>\r\n               <\/h2>\r\n                                             <\/div>\r\n                     <div class=\"button-action\">\r\n                       <a href=\"https:\/\/www.prelit.ch\/kontakt\/\" class=\"btn-cta btn-black\">\r\n          <span>Contact<\/span>\r\n        <\/a>\r\n\r\n                    <\/div>\r\n               <\/div>\r\n   <\/div>\r\n<\/div>\t\t\t\t<\/div>\n\t\t\t\t<\/div>\n\t\t\t\t\t<\/div>\n\t\t<\/div>\n\t\t\t\t\t<\/div>\n\t\t<\/section>\n\t\t\t\t<\/div>\n\t\t","protected":false},"excerpt":{"rendered":"<p>Ce que nous offrons Des produits D\u00e9graissage Quand il faut \u00eatre propre ! Gr\u00e2ce \u00e0 notre ligne de produits Prelitin, vos pi\u00e8ces sont nettoy\u00e9es de fa\u00e7on optimale et pr\u00e9par\u00e9es pour la suite du processus . D\u00e9capage Le d\u00e9capage est une \u00e9tape essentielle d&rsquo;un bon pr\u00e9traitement de surface ! Avec notre gamme de produits Precap, vos [&hellip;]<\/p>\n","protected":false},"author":1,"featured_media":0,"parent":0,"menu_order":0,"comment_status":"closed","ping_status":"closed","template":"","meta":{"footnotes":""},"class_list":["post-14554","page","type-page","status-publish","hentry"],"yoast_head":"<!-- This site is optimized with the Yoast SEO plugin v26.9 - https:\/\/yoast.com\/product\/yoast-seo-wordpress\/ -->\n<title>Solutions - Prelit<\/title>\n<meta name=\"robots\" content=\"index, follow, max-snippet:-1, max-image-preview:large, max-video-preview:-1\" \/>\n<link rel=\"canonical\" href=\"https:\/\/www.prelit.ch\/fr\/produits-et-services\/\" \/>\n<meta property=\"og:locale\" content=\"fr_FR\" \/>\n<meta property=\"og:type\" content=\"article\" \/>\n<meta property=\"og:title\" content=\"Solutions - Prelit\" \/>\n<meta property=\"og:description\" content=\"Ce que nous offrons Des produits D\u00e9graissage Quand il faut \u00eatre propre ! Gr\u00e2ce \u00e0 notre ligne de produits Prelitin, vos pi\u00e8ces sont nettoy\u00e9es de fa\u00e7on optimale et pr\u00e9par\u00e9es pour la suite du processus . D\u00e9capage Le d\u00e9capage est une \u00e9tape essentielle d&rsquo;un bon pr\u00e9traitement de surface ! Avec notre gamme de produits Precap, vos [&hellip;]\" \/>\n<meta property=\"og:url\" content=\"https:\/\/www.prelit.ch\/fr\/produits-et-services\/\" \/>\n<meta property=\"og:site_name\" content=\"Prelit\" \/>\n<meta property=\"article:modified_time\" content=\"2025-10-03T16:09:06+00:00\" \/>\n<meta property=\"og:image\" content=\"https:\/\/www.prelit.ch\/wp-content\/uploads\/2024\/10\/shutterstock_1810346803.jpg\" \/>\n<meta name=\"twitter:card\" content=\"summary_large_image\" \/>\n<meta name=\"twitter:label1\" content=\"Dur\u00e9e de lecture estim\u00e9e\" \/>\n\t<meta name=\"twitter:data1\" content=\"3 minutes\" \/>\n<script type=\"application\/ld+json\" class=\"yoast-schema-graph\">{\"@context\":\"https:\/\/schema.org\",\"@graph\":[{\"@type\":\"WebPage\",\"@id\":\"https:\/\/www.prelit.ch\/fr\/produits-et-services\/\",\"url\":\"https:\/\/www.prelit.ch\/fr\/produits-et-services\/\",\"name\":\"Solutions - Prelit\",\"isPartOf\":{\"@id\":\"https:\/\/www.prelit.ch\/#website\"},\"primaryImageOfPage\":{\"@id\":\"https:\/\/www.prelit.ch\/fr\/produits-et-services\/#primaryimage\"},\"image\":{\"@id\":\"https:\/\/www.prelit.ch\/fr\/produits-et-services\/#primaryimage\"},\"thumbnailUrl\":\"https:\/\/www.prelit.ch\/wp-content\/uploads\/2024\/10\/shutterstock_1810346803.jpg\",\"datePublished\":\"2018-07-05T00:04:27+00:00\",\"dateModified\":\"2025-10-03T16:09:06+00:00\",\"breadcrumb\":{\"@id\":\"https:\/\/www.prelit.ch\/fr\/produits-et-services\/#breadcrumb\"},\"inLanguage\":\"fr-FR\",\"potentialAction\":[{\"@type\":\"ReadAction\",\"target\":[\"https:\/\/www.prelit.ch\/fr\/produits-et-services\/\"]}]},{\"@type\":\"ImageObject\",\"inLanguage\":\"fr-FR\",\"@id\":\"https:\/\/www.prelit.ch\/fr\/produits-et-services\/#primaryimage\",\"url\":\"https:\/\/www.prelit.ch\/wp-content\/uploads\/2024\/10\/shutterstock_1810346803.jpg\",\"contentUrl\":\"https:\/\/www.prelit.ch\/wp-content\/uploads\/2024\/10\/shutterstock_1810346803.jpg\"},{\"@type\":\"BreadcrumbList\",\"@id\":\"https:\/\/www.prelit.ch\/fr\/produits-et-services\/#breadcrumb\",\"itemListElement\":[{\"@type\":\"ListItem\",\"position\":1,\"name\":\"Startseite\",\"item\":\"https:\/\/www.prelit.ch\/fr\/maison-1\/\"},{\"@type\":\"ListItem\",\"position\":2,\"name\":\"Solutions\"}]},{\"@type\":\"WebSite\",\"@id\":\"https:\/\/www.prelit.ch\/#website\",\"url\":\"https:\/\/www.prelit.ch\/\",\"name\":\"Prelit\",\"description\":\"\",\"publisher\":{\"@id\":\"https:\/\/www.prelit.ch\/#organization\"},\"potentialAction\":[{\"@type\":\"SearchAction\",\"target\":{\"@type\":\"EntryPoint\",\"urlTemplate\":\"https:\/\/www.prelit.ch\/?s={search_term_string}\"},\"query-input\":{\"@type\":\"PropertyValueSpecification\",\"valueRequired\":true,\"valueName\":\"search_term_string\"}}],\"inLanguage\":\"fr-FR\"},{\"@type\":\"Organization\",\"@id\":\"https:\/\/www.prelit.ch\/#organization\",\"name\":\"Prelit AG\",\"url\":\"https:\/\/www.prelit.ch\/\",\"logo\":{\"@type\":\"ImageObject\",\"inLanguage\":\"fr-FR\",\"@id\":\"https:\/\/www.prelit.ch\/#\/schema\/logo\/image\/\",\"url\":\"https:\/\/www.prelit.ch\/wp-content\/uploads\/2019\/05\/orignal.png\",\"contentUrl\":\"https:\/\/www.prelit.ch\/wp-content\/uploads\/2019\/05\/orignal.png\",\"width\":1253,\"height\":599,\"caption\":\"Prelit AG\"},\"image\":{\"@id\":\"https:\/\/www.prelit.ch\/#\/schema\/logo\/image\/\"},\"sameAs\":[\"https:\/\/www.linkedin.com\/company\/prelit-ag\/posts\/?feedView=all\"]}]}<\/script>\n<!-- \/ Yoast SEO plugin. -->","yoast_head_json":{"title":"Solutions - Prelit","robots":{"index":"index","follow":"follow","max-snippet":"max-snippet:-1","max-image-preview":"max-image-preview:large","max-video-preview":"max-video-preview:-1"},"canonical":"https:\/\/www.prelit.ch\/fr\/produits-et-services\/","og_locale":"fr_FR","og_type":"article","og_title":"Solutions - Prelit","og_description":"Ce que nous offrons Des produits D\u00e9graissage Quand il faut \u00eatre propre ! Gr\u00e2ce \u00e0 notre ligne de produits Prelitin, vos pi\u00e8ces sont nettoy\u00e9es de fa\u00e7on optimale et pr\u00e9par\u00e9es pour la suite du processus . D\u00e9capage Le d\u00e9capage est une \u00e9tape essentielle d&rsquo;un bon pr\u00e9traitement de surface ! Avec notre gamme de produits Precap, vos [&hellip;]","og_url":"https:\/\/www.prelit.ch\/fr\/produits-et-services\/","og_site_name":"Prelit","article_modified_time":"2025-10-03T16:09:06+00:00","og_image":[{"url":"https:\/\/www.prelit.ch\/wp-content\/uploads\/2024\/10\/shutterstock_1810346803.jpg","type":"","width":"","height":""}],"twitter_card":"summary_large_image","twitter_misc":{"Dur\u00e9e de lecture estim\u00e9e":"3 minutes"},"schema":{"@context":"https:\/\/schema.org","@graph":[{"@type":"WebPage","@id":"https:\/\/www.prelit.ch\/fr\/produits-et-services\/","url":"https:\/\/www.prelit.ch\/fr\/produits-et-services\/","name":"Solutions - Prelit","isPartOf":{"@id":"https:\/\/www.prelit.ch\/#website"},"primaryImageOfPage":{"@id":"https:\/\/www.prelit.ch\/fr\/produits-et-services\/#primaryimage"},"image":{"@id":"https:\/\/www.prelit.ch\/fr\/produits-et-services\/#primaryimage"},"thumbnailUrl":"https:\/\/www.prelit.ch\/wp-content\/uploads\/2024\/10\/shutterstock_1810346803.jpg","datePublished":"2018-07-05T00:04:27+00:00","dateModified":"2025-10-03T16:09:06+00:00","breadcrumb":{"@id":"https:\/\/www.prelit.ch\/fr\/produits-et-services\/#breadcrumb"},"inLanguage":"fr-FR","potentialAction":[{"@type":"ReadAction","target":["https:\/\/www.prelit.ch\/fr\/produits-et-services\/"]}]},{"@type":"ImageObject","inLanguage":"fr-FR","@id":"https:\/\/www.prelit.ch\/fr\/produits-et-services\/#primaryimage","url":"https:\/\/www.prelit.ch\/wp-content\/uploads\/2024\/10\/shutterstock_1810346803.jpg","contentUrl":"https:\/\/www.prelit.ch\/wp-content\/uploads\/2024\/10\/shutterstock_1810346803.jpg"},{"@type":"BreadcrumbList","@id":"https:\/\/www.prelit.ch\/fr\/produits-et-services\/#breadcrumb","itemListElement":[{"@type":"ListItem","position":1,"name":"Startseite","item":"https:\/\/www.prelit.ch\/fr\/maison-1\/"},{"@type":"ListItem","position":2,"name":"Solutions"}]},{"@type":"WebSite","@id":"https:\/\/www.prelit.ch\/#website","url":"https:\/\/www.prelit.ch\/","name":"Prelit","description":"","publisher":{"@id":"https:\/\/www.prelit.ch\/#organization"},"potentialAction":[{"@type":"SearchAction","target":{"@type":"EntryPoint","urlTemplate":"https:\/\/www.prelit.ch\/?s={search_term_string}"},"query-input":{"@type":"PropertyValueSpecification","valueRequired":true,"valueName":"search_term_string"}}],"inLanguage":"fr-FR"},{"@type":"Organization","@id":"https:\/\/www.prelit.ch\/#organization","name":"Prelit AG","url":"https:\/\/www.prelit.ch\/","logo":{"@type":"ImageObject","inLanguage":"fr-FR","@id":"https:\/\/www.prelit.ch\/#\/schema\/logo\/image\/","url":"https:\/\/www.prelit.ch\/wp-content\/uploads\/2019\/05\/orignal.png","contentUrl":"https:\/\/www.prelit.ch\/wp-content\/uploads\/2019\/05\/orignal.png","width":1253,"height":599,"caption":"Prelit AG"},"image":{"@id":"https:\/\/www.prelit.ch\/#\/schema\/logo\/image\/"},"sameAs":["https:\/\/www.linkedin.com\/company\/prelit-ag\/posts\/?feedView=all"]}]}},"_links":{"self":[{"href":"https:\/\/www.prelit.ch\/fr\/wp-json\/wp\/v2\/pages\/14554","targetHints":{"allow":["GET"]}}],"collection":[{"href":"https:\/\/www.prelit.ch\/fr\/wp-json\/wp\/v2\/pages"}],"about":[{"href":"https:\/\/www.prelit.ch\/fr\/wp-json\/wp\/v2\/types\/page"}],"author":[{"embeddable":true,"href":"https:\/\/www.prelit.ch\/fr\/wp-json\/wp\/v2\/users\/1"}],"replies":[{"embeddable":true,"href":"https:\/\/www.prelit.ch\/fr\/wp-json\/wp\/v2\/comments?post=14554"}],"version-history":[{"count":127,"href":"https:\/\/www.prelit.ch\/fr\/wp-json\/wp\/v2\/pages\/14554\/revisions"}],"predecessor-version":[{"id":28786,"href":"https:\/\/www.prelit.ch\/fr\/wp-json\/wp\/v2\/pages\/14554\/revisions\/28786"}],"wp:attachment":[{"href":"https:\/\/www.prelit.ch\/fr\/wp-json\/wp\/v2\/media?parent=14554"}],"curies":[{"name":"wp","href":"https:\/\/api.w.org\/{rel}","templated":true}]}}