{"id":14542,"date":"2016-03-07T03:11:04","date_gmt":"2016-03-07T02:11:04","guid":{"rendered":"https:\/\/www.prelit.ch\/a-propos-de-nous\/"},"modified":"2025-10-03T17:10:16","modified_gmt":"2025-10-03T16:10:16","slug":"la-societe","status":"publish","type":"page","link":"https:\/\/www.prelit.ch\/fr\/la-societe\/","title":{"rendered":"La soci\u00e9t\u00e9"},"content":{"rendered":"\t\t<div data-elementor-type=\"wp-post\" data-elementor-id=\"14542\" class=\"elementor elementor-14542 elementor-612\">\n\t\t\t\t\t\t<section class=\"elementor-section elementor-top-section elementor-element elementor-element-38471f2 elementor-section-boxed elementor-section-height-default elementor-section-height-default\" data-id=\"38471f2\" data-element_type=\"section\">\n\t\t\t\t\t\t<div class=\"elementor-container elementor-column-gap-default\">\n\t\t\t\t\t<div class=\"elementor-column elementor-col-25 elementor-top-column elementor-element elementor-element-1bbaa26 top column-style-top\" data-id=\"1bbaa26\" data-element_type=\"column\">\n\t\t\t<div class=\"elementor-widget-wrap elementor-element-populated\">\n\t\t\t\t\t\t<div class=\"elementor-element elementor-element-1da132c elementor-widget elementor-widget-image\" data-id=\"1da132c\" data-element_type=\"widget\" data-widget_type=\"image.default\">\n\t\t\t\t<div class=\"elementor-widget-container\">\n\t\t\t\t\t\t\t\t\t\t\t\t\t\t\t<img fetchpriority=\"high\" decoding=\"async\" width=\"1000\" height=\"570\" src=\"https:\/\/www.prelit.ch\/wp-content\/uploads\/2022\/04\/handshake.jpg\" class=\"attachment-full size-full wp-image-14510\" alt=\"\" srcset=\"https:\/\/www.prelit.ch\/wp-content\/uploads\/2022\/04\/handshake.jpg 1000w, https:\/\/www.prelit.ch\/wp-content\/uploads\/2022\/04\/handshake-768x438.jpg 768w\" sizes=\"(max-width: 1000px) 100vw, 1000px\" \/>\t\t\t\t\t\t\t\t\t\t\t\t\t\t\t<\/div>\n\t\t\t\t<\/div>\n\t\t\t\t<div class=\"elementor-element elementor-element-b648e4a elementor-widget elementor-widget-image\" data-id=\"b648e4a\" data-element_type=\"widget\" data-widget_type=\"image.default\">\n\t\t\t\t<div class=\"elementor-widget-container\">\n\t\t\t\t\t\t\t\t\t\t\t\t\t\t\t<img decoding=\"async\" width=\"1000\" height=\"570\" src=\"https:\/\/www.prelit.ch\/wp-content\/uploads\/2022\/04\/teamwork.jpg\" class=\"attachment-full size-full wp-image-14511\" alt=\"\" srcset=\"https:\/\/www.prelit.ch\/wp-content\/uploads\/2022\/04\/teamwork.jpg 1000w, https:\/\/www.prelit.ch\/wp-content\/uploads\/2022\/04\/teamwork-768x438.jpg 768w\" sizes=\"(max-width: 1000px) 100vw, 1000px\" \/>\t\t\t\t\t\t\t\t\t\t\t\t\t\t\t<\/div>\n\t\t\t\t<\/div>\n\t\t\t\t<div class=\"elementor-element elementor-element-41b0fe3 elementor-widget elementor-widget-image\" data-id=\"41b0fe3\" data-element_type=\"widget\" data-widget_type=\"image.default\">\n\t\t\t\t<div class=\"elementor-widget-container\">\n\t\t\t\t\t\t\t\t\t\t\t\t\t\t\t<img decoding=\"async\" width=\"1000\" height=\"667\" src=\"https:\/\/www.prelit.ch\/wp-content\/uploads\/2022\/05\/Uber-Uns_1.jpg\" class=\"attachment-full size-full wp-image-15830\" alt=\"\" srcset=\"https:\/\/www.prelit.ch\/wp-content\/uploads\/2022\/05\/Uber-Uns_1.jpg 1000w, https:\/\/www.prelit.ch\/wp-content\/uploads\/2022\/05\/Uber-Uns_1-768x512.jpg 768w\" sizes=\"(max-width: 1000px) 100vw, 1000px\" \/>\t\t\t\t\t\t\t\t\t\t\t\t\t\t\t<\/div>\n\t\t\t\t<\/div>\n\t\t\t\t<div class=\"elementor-element elementor-element-1da4f4d elementor-widget elementor-widget-image\" data-id=\"1da4f4d\" data-element_type=\"widget\" data-widget_type=\"image.default\">\n\t\t\t\t<div class=\"elementor-widget-container\">\n\t\t\t\t\t\t\t\t\t\t\t\t\t\t\t<img loading=\"lazy\" decoding=\"async\" width=\"1024\" height=\"768\" src=\"https:\/\/www.prelit.ch\/wp-content\/uploads\/2022\/05\/machnu.jpg\" class=\"attachment-full size-full wp-image-15721\" alt=\"\" srcset=\"https:\/\/www.prelit.ch\/wp-content\/uploads\/2022\/05\/machnu.jpg 1024w, https:\/\/www.prelit.ch\/wp-content\/uploads\/2022\/05\/machnu-768x576.jpg 768w\" sizes=\"(max-width: 1024px) 100vw, 1024px\" \/>\t\t\t\t\t\t\t\t\t\t\t\t\t\t\t<\/div>\n\t\t\t\t<\/div>\n\t\t\t\t\t<\/div>\n\t\t<\/div>\n\t\t\t\t<div class=\"elementor-column elementor-col-25 elementor-top-column elementor-element elementor-element-113c790 top column-style-top\" data-id=\"113c790\" data-element_type=\"column\" data-settings=\"{&quot;background_background&quot;:&quot;classic&quot;}\">\n\t\t\t<div class=\"elementor-widget-wrap elementor-element-populated\">\n\t\t\t\t\t\t<div class=\"elementor-element elementor-element-971798b elementor-widget elementor-widget-spacer\" data-id=\"971798b\" data-element_type=\"widget\" data-widget_type=\"spacer.default\">\n\t\t\t\t<div class=\"elementor-widget-container\">\n\t\t\t\t\t\t\t<div class=\"elementor-spacer\">\n\t\t\t<div class=\"elementor-spacer-inner\"><\/div>\n\t\t<\/div>\n\t\t\t\t\t\t<\/div>\n\t\t\t\t<\/div>\n\t\t\t\t\t<\/div>\n\t\t<\/div>\n\t\t\t\t<div class=\"elementor-column elementor-col-50 elementor-top-column elementor-element elementor-element-1d47282 top column-style-top\" data-id=\"1d47282\" data-element_type=\"column\">\n\t\t\t<div class=\"elementor-widget-wrap elementor-element-populated\">\n\t\t\t\t\t\t<div class=\"elementor-element elementor-element-ef442b0 elementor-widget elementor-widget-gva-heading-block\" data-id=\"ef442b0\" data-element_type=\"widget\" data-widget_type=\"gva-heading-block.default\">\n\t\t\t\t<div class=\"elementor-widget-container\">\n\t\t\t\t\t<div class=\"gva-element-gva-heading-block gva-element\">   <div class=\"align-left style-1 widget gsc-heading box-align-left\">\r\n      <div class=\"content-inner\">\r\n         \r\n                  \r\n                     <div class=\"clearfix\"><div class=\"sub-title\"><span>\u00c0 propos de nous<\/span><\/div><\/div>\r\n           \r\n         \r\n                     <h2 class=\"title\">\r\n               <span>Votre partenaire de confiance en chimie depuis 50 ans<\/span>\r\n            <\/h2>\r\n                              <div class=\"title-desc\">Nous sommes plus qu'un simple fournisseur. Notre objectif est de travailler en \u00e9troite collaboration avec nos clients et nos partenaires afin de trouver des solutions chimiques et de maximiser l'efficacit\u00e9, la fiabilit\u00e9, la r\u00e9activit\u00e9 et la durabilit\u00e9 dans tous les domaines d'activit\u00e9. Pour nous, la cl\u00e9 du succ\u00e8s est de nous identifier \u00e0 votre entreprise et de construire une relation solide et durable.  \n<\/div>\r\n         \r\n         \r\n      <\/div>\r\n   <\/div>\r\n   <div class=\"clearfix\"><\/div>\r\n<\/div>\t\t\t\t<\/div>\n\t\t\t\t<\/div>\n\t\t\t\t\t<\/div>\n\t\t<\/div>\n\t\t\t\t\t<\/div>\n\t\t<\/section>\n\t\t\t\t<section class=\"elementor-section elementor-top-section elementor-element elementor-element-cc10c61 elementor-section-boxed elementor-section-height-default elementor-section-height-default\" data-id=\"cc10c61\" data-element_type=\"section\">\n\t\t\t\t\t\t<div class=\"elementor-container elementor-column-gap-default\">\n\t\t\t\t\t<div class=\"elementor-column elementor-col-100 elementor-top-column elementor-element elementor-element-f4ddd48 top column-style-top\" data-id=\"f4ddd48\" data-element_type=\"column\">\n\t\t\t<div class=\"elementor-widget-wrap\">\n\t\t\t\t\t\t\t<\/div>\n\t\t<\/div>\n\t\t\t\t\t<\/div>\n\t\t<\/section>\n\t\t\t\t<section class=\"elementor-section elementor-top-section elementor-element elementor-element-41d3235 elementor-hidden-desktop elementor-hidden-tablet elementor-hidden-mobile elementor-section-boxed elementor-section-height-default elementor-section-height-default\" data-id=\"41d3235\" data-element_type=\"section\" data-settings=\"{&quot;background_background&quot;:&quot;classic&quot;}\">\n\t\t\t\t\t\t\t<div class=\"elementor-background-overlay\"><\/div>\n\t\t\t\t\t\t\t<div class=\"elementor-container elementor-column-gap-default\">\n\t\t\t\t\t<div class=\"elementor-column elementor-col-25 elementor-top-column elementor-element elementor-element-cef0d7a top column-style-top\" data-id=\"cef0d7a\" data-element_type=\"column\">\n\t\t\t<div class=\"elementor-widget-wrap elementor-element-populated\">\n\t\t\t\t\t\t<div class=\"elementor-element elementor-element-87d9041 elementor-widget elementor-widget-gva-counter\" data-id=\"87d9041\" data-element_type=\"widget\" data-widget_type=\"gva-counter.default\">\n\t\t\t\t<div class=\"elementor-widget-container\">\n\t\t\t\t\t<div class=\"gva-element-gva-counter gva-element\">\r\n         <div class=\"widget milestone-block style-1\">\r\n         <div class=\"box-content\">\r\n            \r\n            <div class=\"milestone-content\">\r\n               <div class=\"milestone-number-inner\">\r\n                                    <span class=\"milestone-number\">8705<\/span>\r\n                                 <\/div>\r\n                                 <div class=\"milestone-text\">\r\n                      Projets                  <\/div>\r\n                           <\/div>\r\n         <\/div>   \r\n      <\/div> \r\n   \r\n<\/div>\t\t\t\t<\/div>\n\t\t\t\t<\/div>\n\t\t\t\t\t<\/div>\n\t\t<\/div>\n\t\t\t\t<div class=\"elementor-column elementor-col-25 elementor-top-column elementor-element elementor-element-2adaa2c top column-style-top\" data-id=\"2adaa2c\" data-element_type=\"column\">\n\t\t\t<div class=\"elementor-widget-wrap elementor-element-populated\">\n\t\t\t\t\t\t<div class=\"elementor-element elementor-element-43fd91d elementor-widget elementor-widget-gva-counter\" data-id=\"43fd91d\" data-element_type=\"widget\" data-widget_type=\"gva-counter.default\">\n\t\t\t\t<div class=\"elementor-widget-container\">\n\t\t\t\t\t<div class=\"gva-element-gva-counter gva-element\">\r\n         <div class=\"widget milestone-block style-1\">\r\n         <div class=\"box-content\">\r\n            \r\n            <div class=\"milestone-content\">\r\n               <div class=\"milestone-number-inner\">\r\n                                    <span class=\"milestone-number\">480<\/span>\r\n                                 <\/div>\r\n                                 <div class=\"milestone-text\">\r\n                      Clients                  <\/div>\r\n                           <\/div>\r\n         <\/div>   \r\n      <\/div> \r\n   \r\n<\/div>\t\t\t\t<\/div>\n\t\t\t\t<\/div>\n\t\t\t\t\t<\/div>\n\t\t<\/div>\n\t\t\t\t<div class=\"elementor-column elementor-col-25 elementor-top-column elementor-element elementor-element-b50667b top column-style-top\" data-id=\"b50667b\" data-element_type=\"column\">\n\t\t\t<div class=\"elementor-widget-wrap elementor-element-populated\">\n\t\t\t\t\t\t<div class=\"elementor-element elementor-element-6001cd2 elementor-widget elementor-widget-gva-counter\" data-id=\"6001cd2\" data-element_type=\"widget\" data-widget_type=\"gva-counter.default\">\n\t\t\t\t<div class=\"elementor-widget-container\">\n\t\t\t\t\t<div class=\"gva-element-gva-counter gva-element\">\r\n         <div class=\"widget milestone-block style-1\">\r\n         <div class=\"box-content\">\r\n            \r\n            <div class=\"milestone-content\">\r\n               <div class=\"milestone-number-inner\">\r\n                                    <span class=\"milestone-number\">6260<\/span>\r\n                                 <\/div>\r\n                                 <div class=\"milestone-text\">\r\n                      Travail Heures                  <\/div>\r\n                           <\/div>\r\n         <\/div>   \r\n      <\/div> \r\n   \r\n<\/div>\t\t\t\t<\/div>\n\t\t\t\t<\/div>\n\t\t\t\t\t<\/div>\n\t\t<\/div>\n\t\t\t\t<div class=\"elementor-column elementor-col-25 elementor-top-column elementor-element elementor-element-d6c1da0 top column-style-top\" data-id=\"d6c1da0\" data-element_type=\"column\">\n\t\t\t<div class=\"elementor-widget-wrap elementor-element-populated\">\n\t\t\t\t\t\t<div class=\"elementor-element elementor-element-dc1bb2d elementor-widget elementor-widget-gva-counter\" data-id=\"dc1bb2d\" data-element_type=\"widget\" data-widget_type=\"gva-counter.default\">\n\t\t\t\t<div class=\"elementor-widget-container\">\n\t\t\t\t\t<div class=\"gva-element-gva-counter gva-element\">\r\n         <div class=\"widget milestone-block style-1\">\r\n         <div class=\"box-content\">\r\n            \r\n            <div class=\"milestone-content\">\r\n               <div class=\"milestone-number-inner\">\r\n                                    <span class=\"milestone-number\">9774<\/span>\r\n                                 <\/div>\r\n                                 <div class=\"milestone-text\">\r\n                      Des gens heureux                  <\/div>\r\n                           <\/div>\r\n         <\/div>   \r\n      <\/div> \r\n   \r\n<\/div>\t\t\t\t<\/div>\n\t\t\t\t<\/div>\n\t\t\t\t\t<\/div>\n\t\t<\/div>\n\t\t\t\t\t<\/div>\n\t\t<\/section>\n\t\t\t\t<section class=\"elementor-section elementor-top-section elementor-element elementor-element-e98882b elementor-section-boxed elementor-section-height-default elementor-section-height-default\" data-id=\"e98882b\" data-element_type=\"section\" data-settings=\"{&quot;background_background&quot;:&quot;classic&quot;}\">\n\t\t\t\t\t\t\t<div class=\"elementor-background-overlay\"><\/div>\n\t\t\t\t\t\t\t<div class=\"elementor-container elementor-column-gap-default\">\n\t\t\t\t\t<div class=\"elementor-column elementor-col-100 elementor-top-column elementor-element elementor-element-45bb2d9 top column-style-top\" data-id=\"45bb2d9\" data-element_type=\"column\">\n\t\t\t<div class=\"elementor-widget-wrap elementor-element-populated\">\n\t\t\t\t\t\t<div class=\"elementor-element elementor-element-158ff57 elementor-widget elementor-widget-gva-call-to-action\" data-id=\"158ff57\" data-element_type=\"widget\" data-widget_type=\"gva-call-to-action.default\">\n\t\t\t\t<div class=\"elementor-widget-container\">\n\t\t\t\t\t<div class=\"gva-element-gva-call-to-action gva-element\">\r\n   <div class=\"button-center widget gsc-call-to-action\">\r\n      <div class=\"content-inner clearfix\" >\r\n         <div class=\"cta-content\">\r\n                           <h2 class=\"title\">\r\n                  <span>50 ans d'exp\u00e9rience \u00e0 votre service<\/span>\r\n               <\/h2>\r\n                                             <\/div>\r\n                     <div class=\"button-action\">\r\n                       <a href=\"https:\/\/www.prelit.ch\/unsere-starken-ihr-nutzen\/\" class=\"btn-cta btn-theme\">\r\n          <span>Apprendre encore plus<\/span>\r\n        <\/a>\r\n\r\n                    <\/div>\r\n               <\/div>\r\n   <\/div>\r\n<\/div>\t\t\t\t<\/div>\n\t\t\t\t<\/div>\n\t\t\t\t\t<\/div>\n\t\t<\/div>\n\t\t\t\t\t<\/div>\n\t\t<\/section>\n\t\t\t\t<section class=\"elementor-section elementor-top-section elementor-element elementor-element-fe1d476 bg-row-theme elementor-section-boxed elementor-section-height-default elementor-section-height-default\" data-id=\"fe1d476\" data-element_type=\"section\">\n\t\t\t\t\t\t<div class=\"elementor-container elementor-column-gap-default\">\n\t\t\t\t\t<div class=\"elementor-column elementor-col-100 elementor-top-column elementor-element elementor-element-c630f8b top column-style-top\" data-id=\"c630f8b\" data-element_type=\"column\">\n\t\t\t<div class=\"elementor-widget-wrap elementor-element-populated\">\n\t\t\t\t\t\t<div class=\"elementor-element elementor-element-15c4805 elementor-widget elementor-widget-gva-call-to-action\" data-id=\"15c4805\" data-element_type=\"widget\" data-widget_type=\"gva-call-to-action.default\">\n\t\t\t\t<div class=\"elementor-widget-container\">\n\t\t\t\t\t<div class=\"gva-element-gva-call-to-action gva-element\">\r\n   <div class=\"button-right widget gsc-call-to-action\">\r\n      <div class=\"content-inner clearfix\" >\r\n         <div class=\"cta-content\">\r\n                           <h2 class=\"title\">\r\n                  <span>Certifications<\/span>\r\n               <\/h2>\r\n                                       <div class=\"sub-title\"><span>Engagement en faveur de la s\u00e9curit\u00e9, de la qualit\u00e9 et de l&#039;am\u00e9lioration continue<\/span><\/div>\r\n                                 <\/div>\r\n                     <div class=\"button-action\">\r\n                       <a href=\"https:\/\/www.prelit.ch\/unser-qualitatsanspruch\/\" class=\"btn-cta btn-black\">\r\n          <span>Apprendre encore plus<\/span>\r\n        <\/a>\r\n\r\n                    <\/div>\r\n               <\/div>\r\n   <\/div>\r\n<\/div>\t\t\t\t<\/div>\n\t\t\t\t<\/div>\n\t\t\t\t\t<\/div>\n\t\t<\/div>\n\t\t\t\t\t<\/div>\n\t\t<\/section>\n\t\t\t\t<\/div>\n\t\t","protected":false},"excerpt":{"rendered":"<p>\u00c0 propos de nous Votre partenaire de confiance en chimie depuis 50 ans Nous sommes plus qu&rsquo;un simple fournisseur. Notre objectif est de travailler en \u00e9troite collaboration avec nos clients et nos partenaires afin de trouver des solutions chimiques et de maximiser l&rsquo;efficacit\u00e9, la fiabilit\u00e9, la r\u00e9activit\u00e9 et la durabilit\u00e9 dans tous les domaines d&rsquo;activit\u00e9. [&hellip;]<\/p>\n","protected":false},"author":1,"featured_media":0,"parent":0,"menu_order":0,"comment_status":"closed","ping_status":"closed","template":"","meta":{"footnotes":""},"class_list":["post-14542","page","type-page","status-publish","hentry"],"yoast_head":"<!-- This site is optimized with the Yoast SEO plugin v26.9 - https:\/\/yoast.com\/product\/yoast-seo-wordpress\/ -->\n<title>La soci\u00e9t\u00e9 - Prelit<\/title>\n<meta name=\"robots\" content=\"index, follow, max-snippet:-1, max-image-preview:large, max-video-preview:-1\" \/>\n<link rel=\"canonical\" href=\"https:\/\/www.prelit.ch\/fr\/la-societe\/\" \/>\n<meta property=\"og:locale\" content=\"fr_FR\" \/>\n<meta property=\"og:type\" content=\"article\" \/>\n<meta property=\"og:title\" content=\"La soci\u00e9t\u00e9 - Prelit\" \/>\n<meta property=\"og:description\" content=\"\u00c0 propos de nous Votre partenaire de confiance en chimie depuis 50 ans Nous sommes plus qu&rsquo;un simple fournisseur. Notre objectif est de travailler en \u00e9troite collaboration avec nos clients et nos partenaires afin de trouver des solutions chimiques et de maximiser l&rsquo;efficacit\u00e9, la fiabilit\u00e9, la r\u00e9activit\u00e9 et la durabilit\u00e9 dans tous les domaines d&rsquo;activit\u00e9. [&hellip;]\" \/>\n<meta property=\"og:url\" content=\"https:\/\/www.prelit.ch\/fr\/la-societe\/\" \/>\n<meta property=\"og:site_name\" content=\"Prelit\" \/>\n<meta property=\"article:modified_time\" content=\"2025-10-03T16:10:16+00:00\" \/>\n<meta property=\"og:image\" content=\"https:\/\/www.prelit.ch\/wp-content\/uploads\/2022\/04\/handshake.jpg\" \/>\n<meta name=\"twitter:card\" content=\"summary_large_image\" \/>\n<meta name=\"twitter:label1\" content=\"Dur\u00e9e de lecture estim\u00e9e\" \/>\n\t<meta name=\"twitter:data1\" content=\"2 minutes\" \/>\n<script type=\"application\/ld+json\" class=\"yoast-schema-graph\">{\"@context\":\"https:\/\/schema.org\",\"@graph\":[{\"@type\":\"WebPage\",\"@id\":\"https:\/\/www.prelit.ch\/fr\/la-societe\/\",\"url\":\"https:\/\/www.prelit.ch\/fr\/la-societe\/\",\"name\":\"La soci\u00e9t\u00e9 - Prelit\",\"isPartOf\":{\"@id\":\"https:\/\/www.prelit.ch\/#website\"},\"primaryImageOfPage\":{\"@id\":\"https:\/\/www.prelit.ch\/fr\/la-societe\/#primaryimage\"},\"image\":{\"@id\":\"https:\/\/www.prelit.ch\/fr\/la-societe\/#primaryimage\"},\"thumbnailUrl\":\"https:\/\/www.prelit.ch\/wp-content\/uploads\/2022\/04\/handshake.jpg\",\"datePublished\":\"2016-03-07T02:11:04+00:00\",\"dateModified\":\"2025-10-03T16:10:16+00:00\",\"breadcrumb\":{\"@id\":\"https:\/\/www.prelit.ch\/fr\/la-societe\/#breadcrumb\"},\"inLanguage\":\"fr-FR\",\"potentialAction\":[{\"@type\":\"ReadAction\",\"target\":[\"https:\/\/www.prelit.ch\/fr\/la-societe\/\"]}]},{\"@type\":\"ImageObject\",\"inLanguage\":\"fr-FR\",\"@id\":\"https:\/\/www.prelit.ch\/fr\/la-societe\/#primaryimage\",\"url\":\"https:\/\/www.prelit.ch\/wp-content\/uploads\/2022\/04\/handshake.jpg\",\"contentUrl\":\"https:\/\/www.prelit.ch\/wp-content\/uploads\/2022\/04\/handshake.jpg\"},{\"@type\":\"BreadcrumbList\",\"@id\":\"https:\/\/www.prelit.ch\/fr\/la-societe\/#breadcrumb\",\"itemListElement\":[{\"@type\":\"ListItem\",\"position\":1,\"name\":\"Startseite\",\"item\":\"https:\/\/www.prelit.ch\/fr\/maison-1\/\"},{\"@type\":\"ListItem\",\"position\":2,\"name\":\"La soci\u00e9t\u00e9\"}]},{\"@type\":\"WebSite\",\"@id\":\"https:\/\/www.prelit.ch\/#website\",\"url\":\"https:\/\/www.prelit.ch\/\",\"name\":\"Prelit\",\"description\":\"\",\"publisher\":{\"@id\":\"https:\/\/www.prelit.ch\/#organization\"},\"potentialAction\":[{\"@type\":\"SearchAction\",\"target\":{\"@type\":\"EntryPoint\",\"urlTemplate\":\"https:\/\/www.prelit.ch\/?s={search_term_string}\"},\"query-input\":{\"@type\":\"PropertyValueSpecification\",\"valueRequired\":true,\"valueName\":\"search_term_string\"}}],\"inLanguage\":\"fr-FR\"},{\"@type\":\"Organization\",\"@id\":\"https:\/\/www.prelit.ch\/#organization\",\"name\":\"Prelit AG\",\"url\":\"https:\/\/www.prelit.ch\/\",\"logo\":{\"@type\":\"ImageObject\",\"inLanguage\":\"fr-FR\",\"@id\":\"https:\/\/www.prelit.ch\/#\/schema\/logo\/image\/\",\"url\":\"https:\/\/www.prelit.ch\/wp-content\/uploads\/2019\/05\/orignal.png\",\"contentUrl\":\"https:\/\/www.prelit.ch\/wp-content\/uploads\/2019\/05\/orignal.png\",\"width\":1253,\"height\":599,\"caption\":\"Prelit AG\"},\"image\":{\"@id\":\"https:\/\/www.prelit.ch\/#\/schema\/logo\/image\/\"},\"sameAs\":[\"https:\/\/www.linkedin.com\/company\/prelit-ag\/posts\/?feedView=all\"]}]}<\/script>\n<!-- \/ Yoast SEO plugin. -->","yoast_head_json":{"title":"La soci\u00e9t\u00e9 - Prelit","robots":{"index":"index","follow":"follow","max-snippet":"max-snippet:-1","max-image-preview":"max-image-preview:large","max-video-preview":"max-video-preview:-1"},"canonical":"https:\/\/www.prelit.ch\/fr\/la-societe\/","og_locale":"fr_FR","og_type":"article","og_title":"La soci\u00e9t\u00e9 - Prelit","og_description":"\u00c0 propos de nous Votre partenaire de confiance en chimie depuis 50 ans Nous sommes plus qu&rsquo;un simple fournisseur. Notre objectif est de travailler en \u00e9troite collaboration avec nos clients et nos partenaires afin de trouver des solutions chimiques et de maximiser l&rsquo;efficacit\u00e9, la fiabilit\u00e9, la r\u00e9activit\u00e9 et la durabilit\u00e9 dans tous les domaines d&rsquo;activit\u00e9. [&hellip;]","og_url":"https:\/\/www.prelit.ch\/fr\/la-societe\/","og_site_name":"Prelit","article_modified_time":"2025-10-03T16:10:16+00:00","og_image":[{"url":"https:\/\/www.prelit.ch\/wp-content\/uploads\/2022\/04\/handshake.jpg","type":"","width":"","height":""}],"twitter_card":"summary_large_image","twitter_misc":{"Dur\u00e9e de lecture estim\u00e9e":"2 minutes"},"schema":{"@context":"https:\/\/schema.org","@graph":[{"@type":"WebPage","@id":"https:\/\/www.prelit.ch\/fr\/la-societe\/","url":"https:\/\/www.prelit.ch\/fr\/la-societe\/","name":"La soci\u00e9t\u00e9 - Prelit","isPartOf":{"@id":"https:\/\/www.prelit.ch\/#website"},"primaryImageOfPage":{"@id":"https:\/\/www.prelit.ch\/fr\/la-societe\/#primaryimage"},"image":{"@id":"https:\/\/www.prelit.ch\/fr\/la-societe\/#primaryimage"},"thumbnailUrl":"https:\/\/www.prelit.ch\/wp-content\/uploads\/2022\/04\/handshake.jpg","datePublished":"2016-03-07T02:11:04+00:00","dateModified":"2025-10-03T16:10:16+00:00","breadcrumb":{"@id":"https:\/\/www.prelit.ch\/fr\/la-societe\/#breadcrumb"},"inLanguage":"fr-FR","potentialAction":[{"@type":"ReadAction","target":["https:\/\/www.prelit.ch\/fr\/la-societe\/"]}]},{"@type":"ImageObject","inLanguage":"fr-FR","@id":"https:\/\/www.prelit.ch\/fr\/la-societe\/#primaryimage","url":"https:\/\/www.prelit.ch\/wp-content\/uploads\/2022\/04\/handshake.jpg","contentUrl":"https:\/\/www.prelit.ch\/wp-content\/uploads\/2022\/04\/handshake.jpg"},{"@type":"BreadcrumbList","@id":"https:\/\/www.prelit.ch\/fr\/la-societe\/#breadcrumb","itemListElement":[{"@type":"ListItem","position":1,"name":"Startseite","item":"https:\/\/www.prelit.ch\/fr\/maison-1\/"},{"@type":"ListItem","position":2,"name":"La soci\u00e9t\u00e9"}]},{"@type":"WebSite","@id":"https:\/\/www.prelit.ch\/#website","url":"https:\/\/www.prelit.ch\/","name":"Prelit","description":"","publisher":{"@id":"https:\/\/www.prelit.ch\/#organization"},"potentialAction":[{"@type":"SearchAction","target":{"@type":"EntryPoint","urlTemplate":"https:\/\/www.prelit.ch\/?s={search_term_string}"},"query-input":{"@type":"PropertyValueSpecification","valueRequired":true,"valueName":"search_term_string"}}],"inLanguage":"fr-FR"},{"@type":"Organization","@id":"https:\/\/www.prelit.ch\/#organization","name":"Prelit AG","url":"https:\/\/www.prelit.ch\/","logo":{"@type":"ImageObject","inLanguage":"fr-FR","@id":"https:\/\/www.prelit.ch\/#\/schema\/logo\/image\/","url":"https:\/\/www.prelit.ch\/wp-content\/uploads\/2019\/05\/orignal.png","contentUrl":"https:\/\/www.prelit.ch\/wp-content\/uploads\/2019\/05\/orignal.png","width":1253,"height":599,"caption":"Prelit AG"},"image":{"@id":"https:\/\/www.prelit.ch\/#\/schema\/logo\/image\/"},"sameAs":["https:\/\/www.linkedin.com\/company\/prelit-ag\/posts\/?feedView=all"]}]}},"_links":{"self":[{"href":"https:\/\/www.prelit.ch\/fr\/wp-json\/wp\/v2\/pages\/14542","targetHints":{"allow":["GET"]}}],"collection":[{"href":"https:\/\/www.prelit.ch\/fr\/wp-json\/wp\/v2\/pages"}],"about":[{"href":"https:\/\/www.prelit.ch\/fr\/wp-json\/wp\/v2\/types\/page"}],"author":[{"embeddable":true,"href":"https:\/\/www.prelit.ch\/fr\/wp-json\/wp\/v2\/users\/1"}],"replies":[{"embeddable":true,"href":"https:\/\/www.prelit.ch\/fr\/wp-json\/wp\/v2\/comments?post=14542"}],"version-history":[{"count":47,"href":"https:\/\/www.prelit.ch\/fr\/wp-json\/wp\/v2\/pages\/14542\/revisions"}],"predecessor-version":[{"id":28787,"href":"https:\/\/www.prelit.ch\/fr\/wp-json\/wp\/v2\/pages\/14542\/revisions\/28787"}],"wp:attachment":[{"href":"https:\/\/www.prelit.ch\/fr\/wp-json\/wp\/v2\/media?parent=14542"}],"curies":[{"name":"wp","href":"https:\/\/api.w.org\/{rel}","templated":true}]}}